{"id":3609,"date":"2025-04-27T01:43:55","date_gmt":"2025-04-26T23:43:55","guid":{"rendered":"https:\/\/zywiec.mondesv.com\/beers\/harnas\/"},"modified":"2025-04-27T02:07:08","modified_gmt":"2025-04-27T00:07:08","slug":"harnas","status":"publish","type":"product","link":"https:\/\/beerimporters.us\/pl\/piwa\/harnas\/","title":{"rendered":"Harna\u015b"},"content":{"rendered":"<p class=\"p1\">Od 1845 roku Browar Okocim piel\u0119gnuje najlepsze tradycje piwowarskie. Wieloletnie do\u015bwiadczenie, sekrety piwowar\u00f3w, unikalna kompozycja oraz krystalicznie czysta woda zainspirowa\u0142y do stworzenia wybitnego piwa Harna\u015b.<\/p>\n<p class=\"p1\"><strong>CECHY PRODUKTU:<\/strong><\/p>\n<p class=\"p1\"><span class=\"s1\">Zawarto\u015b\u0107 alkoholu 6%<\/span><\/p>\n<p class=\"p1\"><span class=\"s1\"><b>OPAKOWANIE:<\/b><\/span><\/p>\n<ul>\n<li class=\"p1\"><span class=\"s1\">Puszka 500 ml (16,9 fl oz)<\/span><\/li>\n<li class=\"p1\"><span class=\"s1\">Karton 6\u00d74 Pakiet PUSZEK (24)<\/span><\/li>\n<\/ul>\n","protected":false},"excerpt":{"rendered":"<p>Od 1845 roku Browar Okocim piel\u0119gnuje najlepsze tradycje piwowarskie. Wieloletnie do\u015bwiadczenie, sekrety piwowar\u00f3w, unikalna kompozycja oraz krystalicznie czysta woda zainspirowa\u0142y do stworzenia wybitnego piwa Harna\u015b. CECHY PRODUKTU: Zawarto\u015b\u0107 alkoholu 6% OPAKOWANIE: Puszka 500 ml (16,9 fl oz) Karton 6\u00d74 Pakiet PUSZEK (24)<\/p>\n","protected":false},"featured_media":3607,"template":"","meta":{"_acf_changed":false},"product_brand":[],"product_cat":[93],"product_tag":[81],"class_list":{"0":"post-3609","1":"product","2":"type-product","3":"status-publish","4":"has-post-thumbnail","6":"product_cat-pale-lager-pl","7":"product_tag-polish-pl","8":"pa_product_brand-harnas-pl","10":"first","11":"instock","12":"shipping-taxable","13":"product-type-simple"},"acf":[],"_links":{"self":[{"href":"https:\/\/beerimporters.us\/pl\/wp-json\/wp\/v2\/product\/3609","targetHints":{"allow":["GET"]}}],"collection":[{"href":"https:\/\/beerimporters.us\/pl\/wp-json\/wp\/v2\/product"}],"about":[{"href":"https:\/\/beerimporters.us\/pl\/wp-json\/wp\/v2\/types\/product"}],"wp:featuredmedia":[{"embeddable":true,"href":"https:\/\/beerimporters.us\/pl\/wp-json\/wp\/v2\/media\/3607"}],"wp:attachment":[{"href":"https:\/\/beerimporters.us\/pl\/wp-json\/wp\/v2\/media?parent=3609"}],"wp:term":[{"taxonomy":"product_brand","embeddable":true,"href":"https:\/\/beerimporters.us\/pl\/wp-json\/wp\/v2\/product_brand?post=3609"},{"taxonomy":"product_cat","embeddable":true,"href":"https:\/\/beerimporters.us\/pl\/wp-json\/wp\/v2\/product_cat?post=3609"},{"taxonomy":"product_tag","embeddable":true,"href":"https:\/\/beerimporters.us\/pl\/wp-json\/wp\/v2\/product_tag?post=3609"}],"curies":[{"name":"wp","href":"https:\/\/api.w.org\/{rel}","templated":true}]}}