{"id":3604,"date":"2025-04-27T01:24:38","date_gmt":"2025-04-26T23:24:38","guid":{"rendered":"https:\/\/zywiec.mondesv.com\/beers\/namyslow-pils\/"},"modified":"2025-05-07T00:16:21","modified_gmt":"2025-05-06T22:16:21","slug":"namyslow-pils","status":"publish","type":"product","link":"https:\/\/beerimporters.us\/pl\/piwa\/namyslow-pils\/","title":{"rendered":"Namys\u0142\u00f3w Pils"},"content":{"rendered":"","protected":false},"excerpt":{"rendered":"<p class=\"p1\">Wszystkie piwa Namys\u0142\u00f3w warzone s\u0105 na bazie naturalnych sk\u0142adnik\u00f3w, a proces fermentacji odbywa si\u0119 w tradycyjnych otwartych kadziach fermentacyjnych. Piwo warzone w ten spos\u00f3b znane jest ze swojego tradycyjnego smaku i wyr\u00f3\u017cnia si\u0119 w\u015br\u00f3d innych produkt\u00f3w unikalnym charakterem i autentyczn\u0105 dusz\u0105 piwn\u0105.<\/p>\n<p class=\"p1\"><strong>CHARAKTERYSTYKA PRODUKTU:<\/strong><\/p>\n<p class=\"p1\"><span class=\"s1\">Zawarto\u015b\u0107 alkoholu 5,8%<\/span><\/p>\n<p class=\"p1\"><span class=\"s1\"><b>OPAKOWANIE:<\/b><\/span><\/p>\n<ul>\n<li class=\"p1\"><span class=\"s1\">Puszka 500 ml<\/span><\/li>\n<li class=\"p1\"><span class=\"s1\">Zgrzewka 6\u00d74 pak CAN (24 szt.)<\/span><\/li>\n<\/ul>\n","protected":false},"featured_media":3603,"template":"","meta":{"_acf_changed":false},"product_brand":[],"product_cat":[103],"product_tag":[81],"class_list":{"0":"post-3604","1":"product","2":"type-product","3":"status-publish","4":"has-post-thumbnail","6":"product_cat-pils-pl","7":"product_tag-polish-pl","8":"pa_product_brand-namyslow-pl","10":"first","11":"instock","12":"shipping-taxable","13":"product-type-simple"},"acf":[],"_links":{"self":[{"href":"https:\/\/beerimporters.us\/pl\/wp-json\/wp\/v2\/product\/3604","targetHints":{"allow":["GET"]}}],"collection":[{"href":"https:\/\/beerimporters.us\/pl\/wp-json\/wp\/v2\/product"}],"about":[{"href":"https:\/\/beerimporters.us\/pl\/wp-json\/wp\/v2\/types\/product"}],"wp:featuredmedia":[{"embeddable":true,"href":"https:\/\/beerimporters.us\/pl\/wp-json\/wp\/v2\/media\/3603"}],"wp:attachment":[{"href":"https:\/\/beerimporters.us\/pl\/wp-json\/wp\/v2\/media?parent=3604"}],"wp:term":[{"taxonomy":"product_brand","embeddable":true,"href":"https:\/\/beerimporters.us\/pl\/wp-json\/wp\/v2\/product_brand?post=3604"},{"taxonomy":"product_cat","embeddable":true,"href":"https:\/\/beerimporters.us\/pl\/wp-json\/wp\/v2\/product_cat?post=3604"},{"taxonomy":"product_tag","embeddable":true,"href":"https:\/\/beerimporters.us\/pl\/wp-json\/wp\/v2\/product_tag?post=3604"}],"curies":[{"name":"wp","href":"https:\/\/api.w.org\/{rel}","templated":true}]}}