{"id":3595,"date":"2025-04-27T00:34:05","date_gmt":"2025-04-26T22:34:05","guid":{"rendered":"https:\/\/zywiec.mondesv.com\/beers\/tatra-can-2\/"},"modified":"2025-04-27T00:50:38","modified_gmt":"2025-04-26T22:50:38","slug":"tatra-puszka","status":"publish","type":"product","link":"https:\/\/beerimporters.us\/pl\/piwa\/tatra-puszka\/","title":{"rendered":"Tatra &#8211; Puszka"},"content":{"rendered":"<p class=\"p1\"><span class=\"s1\">Tatra jest warzona w renomowanych browarach Grupy \u017bywiec. Tatra to klasyczne piwo typu lager o wyrazistym aromacie, uzupe\u0142nionym doskona\u0142ym, orze\u017awiaj\u0105cym smakiem.<\/span><\/p>\n<p class=\"p1\"><strong>CECHY PRODUKTU:<\/strong><\/p>\n<p class=\"p1\"><span class=\"s1\">Zawarto\u015b\u0107 alkoholu 5,8%<\/span><\/p>\n<p class=\"p1\"><span class=\"s1\"><b>OPAKOWANIE:<\/b><\/span><\/p>\n<ul>\n<li class=\"p1\"><span class=\"s1\">Puszka 500 ml (16,9 fl oz)<\/span><\/li>\n<li class=\"p1\"><span class=\"s1\">Karton 6\u00d74 Pakiet PUSZEK (24)<\/span><\/li>\n<\/ul>\n","protected":false},"excerpt":{"rendered":"<p>Tatra jest warzona w renomowanych browarach Grupy \u017bywiec. Tatra to klasyczne piwo typu lager o wyrazistym aromacie, uzupe\u0142nionym doskona\u0142ym, orze\u017awiaj\u0105cym smakiem. CECHY PRODUKTU: Zawarto\u015b\u0107 alkoholu 5,8% OPAKOWANIE: Puszka 500 ml (16,9 fl oz) Karton 6\u00d74 Pakiet PUSZEK (24)<\/p>\n","protected":false},"featured_media":3588,"template":"","meta":{"_acf_changed":false},"product_brand":[],"product_cat":[80],"product_tag":[81],"class_list":{"0":"post-3595","1":"product","2":"type-product","3":"status-publish","4":"has-post-thumbnail","6":"product_cat-lager-pl","7":"product_tag-polish-pl","8":"pa_product_brand-tatra-pl","10":"first","11":"instock","12":"featured","13":"shipping-taxable","14":"purchasable","15":"product-type-simple"},"acf":[],"_links":{"self":[{"href":"https:\/\/beerimporters.us\/pl\/wp-json\/wp\/v2\/product\/3595","targetHints":{"allow":["GET"]}}],"collection":[{"href":"https:\/\/beerimporters.us\/pl\/wp-json\/wp\/v2\/product"}],"about":[{"href":"https:\/\/beerimporters.us\/pl\/wp-json\/wp\/v2\/types\/product"}],"wp:featuredmedia":[{"embeddable":true,"href":"https:\/\/beerimporters.us\/pl\/wp-json\/wp\/v2\/media\/3588"}],"wp:attachment":[{"href":"https:\/\/beerimporters.us\/pl\/wp-json\/wp\/v2\/media?parent=3595"}],"wp:term":[{"taxonomy":"product_brand","embeddable":true,"href":"https:\/\/beerimporters.us\/pl\/wp-json\/wp\/v2\/product_brand?post=3595"},{"taxonomy":"product_cat","embeddable":true,"href":"https:\/\/beerimporters.us\/pl\/wp-json\/wp\/v2\/product_cat?post=3595"},{"taxonomy":"product_tag","embeddable":true,"href":"https:\/\/beerimporters.us\/pl\/wp-json\/wp\/v2\/product_tag?post=3595"}],"curies":[{"name":"wp","href":"https:\/\/api.w.org\/{rel}","templated":true}]}}