{"id":3463,"date":"2020-05-18T14:20:50","date_gmt":"2020-05-18T12:20:50","guid":{"rendered":"https:\/\/zywiec.mondesv.com\/?post_type=product&#038;p=3463"},"modified":"2025-04-25T02:03:34","modified_gmt":"2025-04-25T00:03:34","slug":"zywiec-biale","status":"publish","type":"product","link":"https:\/\/beerimporters.us\/pl\/piwa\/zywiec-biale\/","title":{"rendered":"\u017bywiec Bia\u0142e"},"content":{"rendered":"<p class=\"p1\"><span class=\"s1\"><b><span class=\"s2\">\/\u02c8\u0292\u026avj\u025bts\/<\/span><\/b><\/span><\/p>\n<p>Bia\u0142e piwo pszeniczne, nale\u017c\u0105ce do piw l\u017cejszych. Odznacza si\u0119 orze\u017awiaj\u0105cym smakiem i naturaln\u0105 m\u0119tno\u015bci\u0105. Zawiera wszystko, co najlepsze w piwie pszenicznym. Jest lekkie i delikatne, a dodatkowo przyci\u0105ga dodatkiem kolendry. Piana jest bia\u0142a, obfita i doskonale trzyma si\u0119 w szklance.<\/p>\n<p class=\"p1\"><strong><span class=\"s1\">CHARAKTERYSTYKA PRODUKTU:<\/span><\/strong><\/p>\n<p class=\"p1\"><span class=\"s1\">Zawarto\u015b\u0107 alkoholu &#8211; 4,9 % i\u00a011,6%<span style=\"font-weight: 400;\">\u00a0ekstraktu<\/span><\/span><\/p>\n<p>&nbsp;<\/p>\n<p><span style=\"color: #000000;\"><b>OPAKOWANIE:<\/b><\/span><\/p>\n<ul>\n<li>Opakowanie: Butelka 500 ml (16.9 fl oz)<\/li>\n<li>Karton 20 \u00d7 Butelka 500 ml (16.9 fl oz)<\/li>\n<\/ul>\n","protected":false},"excerpt":{"rendered":"<p>\/\u02c8\u0292\u026avj\u025bts\/ Bia\u0142e piwo pszeniczne, nale\u017c\u0105ce do piw l\u017cejszych. Odznacza si\u0119 orze\u017awiaj\u0105cym smakiem i naturaln\u0105 m\u0119tno\u015bci\u0105. Zawiera wszystko, co najlepsze w piwie pszenicznym. Jest lekkie i delikatne, a dodatkowo przyci\u0105ga dodatkiem kolendry. Piana jest bia\u0142a, obfita i doskonale trzyma si\u0119 w szklance. CHARAKTERYSTYKA PRODUKTU: Zawarto\u015b\u0107 alkoholu &#8211; 4,9 % i\u00a011,6%\u00a0ekstraktu &nbsp; OPAKOWANIE: Opakowanie: Butelka 500 ml&#8230;<\/p>\n","protected":false},"featured_media":3522,"template":"","meta":{"_acf_changed":false},"product_brand":[],"product_cat":[108],"product_tag":[81],"class_list":{"0":"post-3463","1":"product","2":"type-product","3":"status-publish","4":"has-post-thumbnail","6":"product_cat-wheat-pl","7":"product_tag-polish-pl","8":"pa_product_brand-zywiec-pl","10":"first","11":"instock","12":"featured","13":"shipping-taxable","14":"purchasable","15":"product-type-simple"},"acf":[],"_links":{"self":[{"href":"https:\/\/beerimporters.us\/pl\/wp-json\/wp\/v2\/product\/3463","targetHints":{"allow":["GET"]}}],"collection":[{"href":"https:\/\/beerimporters.us\/pl\/wp-json\/wp\/v2\/product"}],"about":[{"href":"https:\/\/beerimporters.us\/pl\/wp-json\/wp\/v2\/types\/product"}],"wp:featuredmedia":[{"embeddable":true,"href":"https:\/\/beerimporters.us\/pl\/wp-json\/wp\/v2\/media\/3522"}],"wp:attachment":[{"href":"https:\/\/beerimporters.us\/pl\/wp-json\/wp\/v2\/media?parent=3463"}],"wp:term":[{"taxonomy":"product_brand","embeddable":true,"href":"https:\/\/beerimporters.us\/pl\/wp-json\/wp\/v2\/product_brand?post=3463"},{"taxonomy":"product_cat","embeddable":true,"href":"https:\/\/beerimporters.us\/pl\/wp-json\/wp\/v2\/product_cat?post=3463"},{"taxonomy":"product_tag","embeddable":true,"href":"https:\/\/beerimporters.us\/pl\/wp-json\/wp\/v2\/product_tag?post=3463"}],"curies":[{"name":"wp","href":"https:\/\/api.w.org\/{rel}","templated":true}]}}