{"id":3451,"date":"2020-05-13T15:24:10","date_gmt":"2020-05-13T13:24:10","guid":{"rendered":"https:\/\/zywiec.mondesv.com\/?post_type=product&#038;p=3451"},"modified":"2025-04-25T03:02:29","modified_gmt":"2025-04-25T01:02:29","slug":"lomza-miodowe","status":"publish","type":"product","link":"https:\/\/beerimporters.us\/pl\/piwa\/lomza-miodowe\/","title":{"rendered":"\u0141om\u017ca Miodowe"},"content":{"rendered":"<p><span style=\"font-weight: 400;\"> \u0141om\u017ca Miodowe powsta\u0142o z po\u0142\u0105czenia regionalnego piwa, z naturalnym miodem. Sw\u00f3j delikatny, s\u0142odko-goryczkowy smak i nut\u0119 miodowego aromatu zawdzi\u0119cza wykorzystaniu w procesie warzenia szlachetnego gatunku miodu. Nagrodzone w New York International Beer Competition. <\/span><\/p>\n<p class=\"p1\"><strong><span class=\"s1\">CHARAKTERYSTYKA PRODUKTU:<\/span><\/strong><\/p>\n<p class=\"p1\"><span class=\"s1\">Zawarto\u015b\u0107 alkoholu 5,7%<\/span><\/p>\n<p class=\"p1\"><strong><span class=\"s1\">OPAKOWANIE:<\/span><\/strong><\/p>\n<ul>\n<li class=\"p1\"><span class=\"s1\">Butelka 500 ml (16.9 fl oz)\u00a0<\/span><\/li>\n<li>Karton 20 x Butelka 500 ml (16.9 fl oz)<\/li>\n<\/ul>\n","protected":false},"excerpt":{"rendered":"<p>Some proactively envisioned multimedia based expertise and cross-media growth strategies. Seamlessly visualize quality intellectual capital without superior collaboration and idea-sharing. Holistically pontificate installed base portals after maintainable products.<\/p>\n","protected":false},"featured_media":3567,"template":"","meta":{"_acf_changed":false},"product_brand":[],"product_cat":[119],"product_tag":[81],"class_list":{"0":"post-3451","1":"product","2":"type-product","3":"status-publish","4":"has-post-thumbnail","6":"product_cat-piwo-jasne-miodowe","7":"product_tag-polish-pl","8":"pa_product_brand-lomza-pl","10":"first","11":"instock","12":"featured","13":"downloadable","14":"shipping-taxable","15":"purchasable","16":"product-type-simple"},"acf":[],"_links":{"self":[{"href":"https:\/\/beerimporters.us\/pl\/wp-json\/wp\/v2\/product\/3451","targetHints":{"allow":["GET"]}}],"collection":[{"href":"https:\/\/beerimporters.us\/pl\/wp-json\/wp\/v2\/product"}],"about":[{"href":"https:\/\/beerimporters.us\/pl\/wp-json\/wp\/v2\/types\/product"}],"wp:featuredmedia":[{"embeddable":true,"href":"https:\/\/beerimporters.us\/pl\/wp-json\/wp\/v2\/media\/3567"}],"wp:attachment":[{"href":"https:\/\/beerimporters.us\/pl\/wp-json\/wp\/v2\/media?parent=3451"}],"wp:term":[{"taxonomy":"product_brand","embeddable":true,"href":"https:\/\/beerimporters.us\/pl\/wp-json\/wp\/v2\/product_brand?post=3451"},{"taxonomy":"product_cat","embeddable":true,"href":"https:\/\/beerimporters.us\/pl\/wp-json\/wp\/v2\/product_cat?post=3451"},{"taxonomy":"product_tag","embeddable":true,"href":"https:\/\/beerimporters.us\/pl\/wp-json\/wp\/v2\/product_tag?post=3451"}],"curies":[{"name":"wp","href":"https:\/\/api.w.org\/{rel}","templated":true}]}}