{"id":3433,"date":"2019-06-14T16:08:36","date_gmt":"2019-06-14T14:08:36","guid":{"rendered":"https:\/\/zywiec.mondesv.com\/?post_type=product&#038;p=3433"},"modified":"2020-05-13T15:43:30","modified_gmt":"2020-05-13T13:43:30","slug":"lomza-0","status":"publish","type":"product","link":"https:\/\/beerimporters.us\/pl\/piwa\/lomza-0\/","title":{"rendered":"\u0141om\u017ca 0%"},"content":{"rendered":"<p><span style=\"font-weight: 400;\">Piwo \u0141om\u017ca 0,0 % to 100%\u00a0prawdziwego piwa i 0% alkoholu. Jest \u015bwietn\u0105 alternatyw\u0105 dla\u00a0tych, kt\u00f3rzy szukaj\u0105 orze\u017awienia\u00a0oraz pe\u0142nego, piwnego smaku\u00a0i chc\u0105 si\u0119 nimi cieszy\u0107 bez\u00a0\u017cadnych ogranicze\u0144.Dzi\u0119ki wykorzystaniu\u00a0dealkoholizacji, alkohol usuwamy\u00a0po zako\u0144czeniu procesu\u00a0warzenia, dlatego nie musimy\u00a0i\u015b\u0107 na \u017cadne kompromisy je\u015bli\u00a0chodzi o smak naszego piwa.<\/span><\/p>\n<p class=\"p1\"><strong><span class=\"s1\">CHARAKTERYSTYKA PRODUKTU:<\/span><\/strong><\/p>\n<p class=\"p1\"><span class=\"s1\">Zawarto\u015b\u0107 alkoholu 0%<\/span><\/p>\n<p class=\"p1\"><strong><span class=\"s1\">OPAKOWANIE:<\/span><\/strong><\/p>\n<ul>\n<li class=\"p1\"><span class=\"s1\">Butelka 500 ml (16.9 fl oz)<\/span><\/li>\n<\/ul>\n","protected":false},"excerpt":{"rendered":"<p>Some proactively envisioned multimedia based expertise and cross-media growth strategies. Seamlessly visualize quality intellectual capital without superior collaboration and idea-sharing. Holistically pontificate installed base portals after maintainable products.<\/p>\n","protected":false},"featured_media":3435,"template":"","meta":{"_acf_changed":false},"product_brand":[],"product_cat":[125],"product_tag":[81],"class_list":{"0":"post-3433","1":"product","2":"type-product","3":"status-publish","4":"has-post-thumbnail","6":"product_cat-free-pl","7":"product_tag-polish-pl","8":"pa_product_brand-lomza-pl","10":"first","11":"instock","12":"featured","13":"downloadable","14":"shipping-taxable","15":"purchasable","16":"product-type-simple"},"acf":[],"_links":{"self":[{"href":"https:\/\/beerimporters.us\/pl\/wp-json\/wp\/v2\/product\/3433","targetHints":{"allow":["GET"]}}],"collection":[{"href":"https:\/\/beerimporters.us\/pl\/wp-json\/wp\/v2\/product"}],"about":[{"href":"https:\/\/beerimporters.us\/pl\/wp-json\/wp\/v2\/types\/product"}],"wp:featuredmedia":[{"embeddable":true,"href":"https:\/\/beerimporters.us\/pl\/wp-json\/wp\/v2\/media\/3435"}],"wp:attachment":[{"href":"https:\/\/beerimporters.us\/pl\/wp-json\/wp\/v2\/media?parent=3433"}],"wp:term":[{"taxonomy":"product_brand","embeddable":true,"href":"https:\/\/beerimporters.us\/pl\/wp-json\/wp\/v2\/product_brand?post=3433"},{"taxonomy":"product_cat","embeddable":true,"href":"https:\/\/beerimporters.us\/pl\/wp-json\/wp\/v2\/product_cat?post=3433"},{"taxonomy":"product_tag","embeddable":true,"href":"https:\/\/beerimporters.us\/pl\/wp-json\/wp\/v2\/product_tag?post=3433"}],"curies":[{"name":"wp","href":"https:\/\/api.w.org\/{rel}","templated":true}]}}