{"id":3427,"date":"2019-06-14T15:55:30","date_gmt":"2019-06-14T13:55:30","guid":{"rendered":"https:\/\/zywiec.mondesv.com\/?post_type=product&#038;p=3427"},"modified":"2025-04-25T02:59:57","modified_gmt":"2025-04-25T00:59:57","slug":"lomza-jasne-pelne","status":"publish","type":"product","link":"https:\/\/beerimporters.us\/pl\/piwa\/lomza-jasne-pelne\/","title":{"rendered":"\u0141om\u017ca Jasne Pe\u0142ne"},"content":{"rendered":"<p><span style=\"font-weight: 400;\">\u0141om\u017ca Jasne Pe\u0142ne \u2013 piwo jasne, o tradycyjnym chmielowym smaku.<\/span><\/p>\n<p><span style=\"font-weight: 400;\">Gdy w 1968 roku uruchomiono browar w \u0141om\u017cy, na lokalny rynek jako pierwsze trafi\u0142o piwo jasne typu lager w charakterystycznych butelkach 0,33l. \u0141om\u017ca Jasne Pe\u0142ne nawi\u0105zuje do tamtego produktu nie tylko samym gatunkiem piwa, ale r\u00f3wnie\u017c wygl\u0105dem opakowania &#8211; jest ono bowiem oferowane w identycznej, kultowej butelce typu \u201eb\u0105czek\u201d, z kt\u00f3r\u0105 od lat kojarzona jest marka \u0141om\u017ca. 10 takich butelek pakowane jest do niezwykle praktycznego kartonu zbiorczego typu\u00a0<\/span><i><span style=\"font-weight: 400;\">fridgepack<\/span><\/i><span style=\"font-weight: 400;\">, kt\u00f3ry zmie\u015bci si\u0119 w niemal ka\u017cdej lod\u00f3wce.<\/span><\/p>\n<p class=\"p1\"><strong><span class=\"s1\">CHARAKTERYSTYKA PRODUKTU:<\/span><\/strong><\/p>\n<p class=\"p1\"><span class=\"s1\">Zawarto\u015b\u0107 alkoholu 6,0%<\/span><\/p>\n<p class=\"p1\"><strong><span class=\"s1\">OPAKOWANIE:<\/span><\/strong><\/p>\n<ul>\n<li class=\"p1\"><span class=\"s1\">Butelka 500 ml (16.9 fl oz)<\/span><\/li>\n<\/ul>\n","protected":false},"excerpt":{"rendered":"<p>Some proactively envisioned multimedia based expertise and cross-media growth strategies. Seamlessly visualize quality intellectual capital without superior collaboration and idea-sharing. Holistically pontificate installed base portals after maintainable products.<\/p>\n","protected":false},"featured_media":3563,"template":"","meta":{"_acf_changed":false},"product_brand":[],"product_cat":[80],"product_tag":[81],"class_list":{"0":"post-3427","1":"product","2":"type-product","3":"status-publish","4":"has-post-thumbnail","6":"product_cat-lager-pl","7":"product_tag-polish-pl","8":"pa_product_brand-lomza-pl","10":"first","11":"instock","12":"featured","13":"downloadable","14":"shipping-taxable","15":"purchasable","16":"product-type-simple"},"acf":[],"_links":{"self":[{"href":"https:\/\/beerimporters.us\/pl\/wp-json\/wp\/v2\/product\/3427","targetHints":{"allow":["GET"]}}],"collection":[{"href":"https:\/\/beerimporters.us\/pl\/wp-json\/wp\/v2\/product"}],"about":[{"href":"https:\/\/beerimporters.us\/pl\/wp-json\/wp\/v2\/types\/product"}],"wp:featuredmedia":[{"embeddable":true,"href":"https:\/\/beerimporters.us\/pl\/wp-json\/wp\/v2\/media\/3563"}],"wp:attachment":[{"href":"https:\/\/beerimporters.us\/pl\/wp-json\/wp\/v2\/media?parent=3427"}],"wp:term":[{"taxonomy":"product_brand","embeddable":true,"href":"https:\/\/beerimporters.us\/pl\/wp-json\/wp\/v2\/product_brand?post=3427"},{"taxonomy":"product_cat","embeddable":true,"href":"https:\/\/beerimporters.us\/pl\/wp-json\/wp\/v2\/product_cat?post=3427"},{"taxonomy":"product_tag","embeddable":true,"href":"https:\/\/beerimporters.us\/pl\/wp-json\/wp\/v2\/product_tag?post=3427"}],"curies":[{"name":"wp","href":"https:\/\/api.w.org\/{rel}","templated":true}]}}