{"id":3418,"date":"2019-06-14T15:42:39","date_gmt":"2019-06-14T13:42:39","guid":{"rendered":"https:\/\/zywiec.mondesv.com\/?post_type=product&#038;p=3418"},"modified":"2025-04-25T02:57:48","modified_gmt":"2025-04-25T00:57:48","slug":"lomza-jasne","status":"publish","type":"product","link":"https:\/\/beerimporters.us\/pl\/piwa\/lomza-jasne\/","title":{"rendered":"\u0141om\u017ca Jasne"},"content":{"rendered":"<p><span style=\"font-weight: 400;\">\u0141om\u017ca Jasne to uznany ambasador marki \u0141om\u017ca \u2013 prawdziwego piwa regionalnego. To produkt o najszerszym zasi\u0119gu dystrybucji spo\u015br\u00f3d wyrob\u00f3w \u0142om\u017cy\u0144skiego browaru, bohater og\u00f3lnopolskich kampanii reklamowych.v Charakterystyczne zielone opakowania \u0141om\u017cy Jasne kryj\u0105 wyj\u0105tkowe piwo z dusz\u0105.<\/span><\/p>\n<p class=\"p1\"><strong><span class=\"s1\">CHARAKTERYSTYKA PRODUKTU:<\/span><\/strong><\/p>\n<p class=\"p1\"><span class=\"s1\">Zawarto\u015b\u0107 alkoholu 5,7%<\/span><\/p>\n<p class=\"p1\"><strong><span class=\"s1\">OPAKOWANIE:<\/span><\/strong><\/p>\n<ul>\n<li class=\"p1\"><span class=\"s1\">Butelka 500 ml (16.9 fl oz)<\/span><\/li>\n<li class=\"p1\"><span class=\"s1\">Karton 20 x Butelka 500 ml (16.9 fl oz)<\/span><\/li>\n<li class=\"p1\"><span class=\"s1\">Puszka du\u017ca<span class=\"Apple-converted-space\">\u00a0 <\/span>500 ml (16.9 fl oz)<\/span><\/li>\n<\/ul>\n","protected":false},"excerpt":{"rendered":"<p>Some proactively envisioned multimedia based expertise and cross-media growth strategies. Seamlessly visualize quality intellectual capital without superior collaboration and idea-sharing. Holistically pontificate installed base portals after maintainable products.<\/p>\n","protected":false},"featured_media":3557,"template":"","meta":{"_acf_changed":false},"product_brand":[],"product_cat":[80],"product_tag":[81],"class_list":{"0":"post-3418","1":"product","2":"type-product","3":"status-publish","4":"has-post-thumbnail","6":"product_cat-lager-pl","7":"product_tag-polish-pl","8":"pa_product_brand-lomza-pl","10":"first","11":"instock","12":"featured","13":"downloadable","14":"shipping-taxable","15":"purchasable","16":"product-type-simple"},"acf":[],"_links":{"self":[{"href":"https:\/\/beerimporters.us\/pl\/wp-json\/wp\/v2\/product\/3418","targetHints":{"allow":["GET"]}}],"collection":[{"href":"https:\/\/beerimporters.us\/pl\/wp-json\/wp\/v2\/product"}],"about":[{"href":"https:\/\/beerimporters.us\/pl\/wp-json\/wp\/v2\/types\/product"}],"wp:featuredmedia":[{"embeddable":true,"href":"https:\/\/beerimporters.us\/pl\/wp-json\/wp\/v2\/media\/3557"}],"wp:attachment":[{"href":"https:\/\/beerimporters.us\/pl\/wp-json\/wp\/v2\/media?parent=3418"}],"wp:term":[{"taxonomy":"product_brand","embeddable":true,"href":"https:\/\/beerimporters.us\/pl\/wp-json\/wp\/v2\/product_brand?post=3418"},{"taxonomy":"product_cat","embeddable":true,"href":"https:\/\/beerimporters.us\/pl\/wp-json\/wp\/v2\/product_cat?post=3418"},{"taxonomy":"product_tag","embeddable":true,"href":"https:\/\/beerimporters.us\/pl\/wp-json\/wp\/v2\/product_tag?post=3418"}],"curies":[{"name":"wp","href":"https:\/\/api.w.org\/{rel}","templated":true}]}}