{"id":3402,"date":"2019-06-14T14:58:23","date_gmt":"2019-06-14T12:58:23","guid":{"rendered":"https:\/\/zywiec.mondesv.com\/?post_type=product&#038;p=3402"},"modified":"2025-05-07T00:19:52","modified_gmt":"2025-05-06T22:19:52","slug":"zywiec-ipa-session","status":"publish","type":"product","link":"https:\/\/beerimporters.us\/pl\/piwa\/zywiec-ipa-session\/","title":{"rendered":"\u017bywiec IPA Session"},"content":{"rendered":"<p class=\"p1\"><span class=\"s1\"><b><span class=\"s2\">\/\u02c8\u0292\u026avj\u025bts\/<\/span><\/b><\/span><\/p>\n<p><span style=\"font-weight: 400;\">Chmielowe i aromatyczne<\/span><\/p>\n<p>Piwo typu Session India Pale Ale o\u00a0chmielowym smaku i\u00a0aromacie z\u00a0wyczuwalnymi nutami owoc\u00f3w egzotycznych i\u00a0cytrus\u00f3w. Chmielone na zimno wyj\u0105tkow\u0105 kompozycj\u0105 chmieli ameryka\u0144skich, kt\u00f3re nadaj\u0105 mu przyjemn\u0105 goryczk\u0119.\u00a0Najlepiej smakuje w\u00a0temperaturze od 9 do 12 stopni.\u00a0Piwo jasne, pasteryzowane. Sk\u0142adniki: woda, s\u0142\u00f3d\u00a0pszeniczny, s\u0142ody\u00a0j\u0119czmienne, ekstrakt z chmielu i chmiel. M\u0119tno\u015b\u0107 i osad s\u0105 naturalnymi cechami produktu.<\/p>\n<p class=\"p1\"><strong><span class=\"s1\">CHARAKTERYSTYKA PRODUKTU:<\/span><\/strong><\/p>\n<p class=\"p1\"><span class=\"s1\">Zawarto\u015b\u0107 alkoholu &#8211; 5,0 % i\u00a012,0%<span style=\"font-weight: 400;\">\u00a0ekstraktu<\/span><\/span><\/p>\n<p>&nbsp;<\/p>\n<p><span style=\"color: #000000;\"><b>OPAKOWANIE:<\/b><\/span><\/p>\n<ul>\n<li>Opakowanie: Butelka 500 ml (16.9 fl oz)<\/li>\n<li>Karton 20 \u00d7 Butelka 500 ml (16.9 fl oz)<\/li>\n<\/ul>\n","protected":false},"excerpt":{"rendered":"<p>\/\u02c8\u0292\u026avj\u025bts\/ Chmielowe i aromatyczne Piwo typu Session India Pale Ale o\u00a0chmielowym smaku i\u00a0aromacie z\u00a0wyczuwalnymi nutami owoc\u00f3w egzotycznych i\u00a0cytrus\u00f3w. Chmielone na zimno wyj\u0105tkow\u0105 kompozycj\u0105 chmieli ameryka\u0144skich, kt\u00f3re nadaj\u0105 mu przyjemn\u0105 goryczk\u0119.\u00a0Najlepiej smakuje w\u00a0temperaturze od 9 do 12 stopni.\u00a0Piwo jasne, pasteryzowane. Sk\u0142adniki: woda, s\u0142\u00f3d\u00a0pszeniczny, s\u0142ody\u00a0j\u0119czmienne, ekstrakt z chmielu i chmiel. M\u0119tno\u015b\u0107 i osad s\u0105 naturalnymi cechami produktu&#8230;.<\/p>\n","protected":false},"featured_media":3535,"template":"","meta":{"_acf_changed":false},"product_brand":[],"product_cat":[128],"product_tag":[81],"class_list":{"0":"post-3402","1":"product","2":"type-product","3":"status-publish","4":"has-post-thumbnail","6":"product_cat-ipa-pl","7":"product_tag-polish-pl","8":"pa_product_brand-zywiec-pl","10":"first","11":"instock","12":"featured","13":"shipping-taxable","14":"purchasable","15":"product-type-simple"},"acf":[],"_links":{"self":[{"href":"https:\/\/beerimporters.us\/pl\/wp-json\/wp\/v2\/product\/3402","targetHints":{"allow":["GET"]}}],"collection":[{"href":"https:\/\/beerimporters.us\/pl\/wp-json\/wp\/v2\/product"}],"about":[{"href":"https:\/\/beerimporters.us\/pl\/wp-json\/wp\/v2\/types\/product"}],"wp:featuredmedia":[{"embeddable":true,"href":"https:\/\/beerimporters.us\/pl\/wp-json\/wp\/v2\/media\/3535"}],"wp:attachment":[{"href":"https:\/\/beerimporters.us\/pl\/wp-json\/wp\/v2\/media?parent=3402"}],"wp:term":[{"taxonomy":"product_brand","embeddable":true,"href":"https:\/\/beerimporters.us\/pl\/wp-json\/wp\/v2\/product_brand?post=3402"},{"taxonomy":"product_cat","embeddable":true,"href":"https:\/\/beerimporters.us\/pl\/wp-json\/wp\/v2\/product_cat?post=3402"},{"taxonomy":"product_tag","embeddable":true,"href":"https:\/\/beerimporters.us\/pl\/wp-json\/wp\/v2\/product_tag?post=3402"}],"curies":[{"name":"wp","href":"https:\/\/api.w.org\/{rel}","templated":true}]}}