{"id":3236,"date":"2017-08-07T16:03:57","date_gmt":"2017-08-07T14:03:57","guid":{"rendered":"http:\/\/zywiecusa.com\/beers\/lvivske-blonde\/"},"modified":"2017-09-20T17:23:55","modified_gmt":"2017-09-20T15:23:55","slug":"lvivske-blonde","status":"publish","type":"product","link":"https:\/\/beerimporters.us\/pl\/piwa\/lvivske-blonde\/","title":{"rendered":"Lvivske Blonde"},"content":{"rendered":"<p class=\"p1\"><span class=\"s1\">Piwo Lwowskie Jasne (Light) to lekki lager o czystym smaku i aromacie fermentowanego napoju s\u0142odowego z przyjemn\u0105 goryczk\u0105 chmielu. Ma wspania\u0142e w\u0142a\u015bciwo\u015bci dodaj\u0105ce energii i doskonale gasi pragnienie.<\/span><\/p>\n<p class=\"p1\"><strong><span class=\"s1\">CHARAKTERYSTYKA PRODUKTU:<\/span><\/strong><\/p>\n<p class=\"p1\"><span class=\"s1\">Zawarto\u015b\u0107 alkoholu 4,5%<\/span><\/p>\n<p class=\"p1\"><span class=\"s1\"><strong>OPAKOWANIE:<\/strong> <\/span><\/p>\n<p class=\"p1\"><span class=\"s1\">Butelka 500 ml (16.9 fl oz) x 20<\/span><\/p>\n","protected":false},"excerpt":{"rendered":"<p>Excerpt Grow\u00a0frameworks to provide a robust synopsis for high level overviews. Iterative approaches to corporate strategy foster collaborative thinking to further the overall value proposition. Organically grow the holistic world view of disruptive innovation via workplace diversity and empowerment.<\/p>\n","protected":false},"featured_media":2988,"template":"","meta":{"_acf_changed":false},"product_brand":[],"product_cat":[114],"product_tag":[115],"class_list":{"0":"post-3236","1":"product","2":"type-product","3":"status-publish","4":"has-post-thumbnail","6":"product_cat-pilsner-pl","7":"product_tag-ukrainian-pl","8":"pa_product_brand-lvivske-pl","10":"first","11":"instock","12":"shipping-taxable","13":"purchasable","14":"product-type-simple"},"acf":[],"_links":{"self":[{"href":"https:\/\/beerimporters.us\/pl\/wp-json\/wp\/v2\/product\/3236","targetHints":{"allow":["GET"]}}],"collection":[{"href":"https:\/\/beerimporters.us\/pl\/wp-json\/wp\/v2\/product"}],"about":[{"href":"https:\/\/beerimporters.us\/pl\/wp-json\/wp\/v2\/types\/product"}],"wp:featuredmedia":[{"embeddable":true,"href":"https:\/\/beerimporters.us\/pl\/wp-json\/wp\/v2\/media\/2988"}],"wp:attachment":[{"href":"https:\/\/beerimporters.us\/pl\/wp-json\/wp\/v2\/media?parent=3236"}],"wp:term":[{"taxonomy":"product_brand","embeddable":true,"href":"https:\/\/beerimporters.us\/pl\/wp-json\/wp\/v2\/product_brand?post=3236"},{"taxonomy":"product_cat","embeddable":true,"href":"https:\/\/beerimporters.us\/pl\/wp-json\/wp\/v2\/product_cat?post=3236"},{"taxonomy":"product_tag","embeddable":true,"href":"https:\/\/beerimporters.us\/pl\/wp-json\/wp\/v2\/product_tag?post=3236"}],"curies":[{"name":"wp","href":"https:\/\/api.w.org\/{rel}","templated":true}]}}