{"id":3235,"date":"2017-08-07T16:02:26","date_gmt":"2017-08-07T14:02:26","guid":{"rendered":"http:\/\/zywiecusa.com\/beers\/lvivske-1715\/"},"modified":"2025-05-07T00:30:08","modified_gmt":"2025-05-06T22:30:08","slug":"lvivske-1715","status":"publish","type":"product","link":"https:\/\/beerimporters.us\/pl\/piwa\/lvivske-1715\/","title":{"rendered":"Lvivske 1715"},"content":{"rendered":"<p class=\"p1\"><span class=\"s1\"><b>Lwowskie 1715<\/b> to lekkie piwo doskona\u0142ej jako\u015bci, z receptur\u0105 opart\u0105 na wielowiekowych tradycjach, a jeszcze bardziej na staro\u017cytnych tajemnicach lwowskich browar\u00f3w. Tajemnice staro\u017cytnej receptury zosta\u0142y przekazane w podaniu ustnym, od ojca do syna. Ten lekki, chmielowy nap\u00f3j, o czystym aromacie s\u0142odowym i niepowtarzalnym smaku jest prawdziwym odkryciem dla wszystkich, kt\u00f3rzy s\u0105 oddani klasycznej i staro\u017cytnej tradycji.<\/span><\/p>\n<p class=\"p1\"><strong><span class=\"s1\">CHARAKTERYSTYKA PRODUKTU:<\/span><\/strong><\/p>\n<p class=\"p1\"><span class=\"s1\">Zawarto\u015b\u0107 alkoholu 4,5%<\/span><\/p>\n<p class=\"p1\"><span class=\"s1\"><strong>OPAKOWANIE:<\/strong> <\/span><\/p>\n<p><span class=\"s1\">Puszka 500 ml (16.9 fl oz) x 24<\/span><\/p>\n<p>Butelka 450 ml (15.2 fl oz) \u00d7 karton 20 szt.<\/p>\n","protected":false},"excerpt":{"rendered":"<p>Excerpt Grow\u00a0frameworks to provide a robust synopsis for high level overviews. Iterative approaches to corporate strategy foster collaborative thinking to further the overall value proposition. Organically grow the holistic world view of disruptive innovation via workplace diversity and empowerment.<\/p>\n","protected":false},"featured_media":3568,"template":"","meta":{"_acf_changed":false},"product_brand":[],"product_cat":[114],"product_tag":[115],"class_list":{"0":"post-3235","1":"product","2":"type-product","3":"status-publish","4":"has-post-thumbnail","6":"product_cat-pilsner-pl","7":"product_tag-ukrainian-pl","8":"pa_product_brand-lvivske-pl","10":"first","11":"instock","12":"shipping-taxable","13":"purchasable","14":"product-type-simple"},"acf":[],"_links":{"self":[{"href":"https:\/\/beerimporters.us\/pl\/wp-json\/wp\/v2\/product\/3235","targetHints":{"allow":["GET"]}}],"collection":[{"href":"https:\/\/beerimporters.us\/pl\/wp-json\/wp\/v2\/product"}],"about":[{"href":"https:\/\/beerimporters.us\/pl\/wp-json\/wp\/v2\/types\/product"}],"wp:featuredmedia":[{"embeddable":true,"href":"https:\/\/beerimporters.us\/pl\/wp-json\/wp\/v2\/media\/3568"}],"wp:attachment":[{"href":"https:\/\/beerimporters.us\/pl\/wp-json\/wp\/v2\/media?parent=3235"}],"wp:term":[{"taxonomy":"product_brand","embeddable":true,"href":"https:\/\/beerimporters.us\/pl\/wp-json\/wp\/v2\/product_brand?post=3235"},{"taxonomy":"product_cat","embeddable":true,"href":"https:\/\/beerimporters.us\/pl\/wp-json\/wp\/v2\/product_cat?post=3235"},{"taxonomy":"product_tag","embeddable":true,"href":"https:\/\/beerimporters.us\/pl\/wp-json\/wp\/v2\/product_tag?post=3235"}],"curies":[{"name":"wp","href":"https:\/\/api.w.org\/{rel}","templated":true}]}}