{"id":3233,"date":"2017-08-07T15:53:29","date_gmt":"2017-08-07T13:53:29","guid":{"rendered":"http:\/\/zywiecusa.com\/beers\/grand\/"},"modified":"2017-09-19T18:56:36","modified_gmt":"2017-09-19T16:56:36","slug":"grand","status":"publish","type":"product","link":"https:\/\/beerimporters.us\/pl\/piwa\/grand\/","title":{"rendered":"Grand"},"content":{"rendered":"<p class=\"p1\"><span class=\"s1\">Mocne, ciemne piwo z rodziny porter\u00f3w, charakteryzuj\u0105ce si\u0119 pe\u0142nym smakiem i bogatym aromatem. Idealne dla smakoszy deser\u00f3w, a zw\u0142aszcza ciemnej czekolady.<\/span><\/p>\n<p class=\"p1\"><strong><span class=\"s1\">SK\u0141ADNIKI:<\/span><\/strong><\/p>\n<p class=\"p1\"><span class=\"s1\">woda, jasny i ciemny s\u0142\u00f3d, chmiel dla aromatu i goryczki<\/span><\/p>\n<p class=\"p1\"><strong><span class=\"s1\">KOLOR:<\/span><\/strong><\/p>\n<p class=\"p1\"><span class=\"s1\">czarny<\/span><\/p>\n<p class=\"p1\"><strong><span class=\"s1\">CHARAKTERYSTYKA PRODUKTU:<\/span><\/strong><\/p>\n<p class=\"p1\"><span class=\"s1\">Zawarto\u015b\u0107 alkoholu: 7,2% obj<\/span><\/p>\n<p class=\"p1\"><strong><span class=\"s1\">OPAKOWANIE:<\/span><\/strong><\/p>\n<p><span class=\"s1\">Karton 2 x 10 Opakowanie 500 ml (16.9 fl oz) Butelka<\/span><\/p>\n","protected":false},"excerpt":{"rendered":"<p>Excerpt Grow\u00a0frameworks to provide a robust synopsis for high level overviews. Iterative approaches to corporate strategy foster collaborative thinking to further the overall value proposition. Organically grow the holistic world view of disruptive innovation via workplace diversity and empowerment.<\/p>\n","protected":false},"featured_media":2985,"template":"","meta":{"_acf_changed":false},"product_brand":[],"product_cat":[95],"product_tag":[81],"class_list":{"0":"post-3233","1":"product","2":"type-product","3":"status-publish","4":"has-post-thumbnail","6":"product_cat-porter-pl","7":"product_tag-polish-pl","8":"pa_product_brand-grand-pl","10":"first","11":"instock","12":"shipping-taxable","13":"purchasable","14":"product-type-simple"},"acf":[],"_links":{"self":[{"href":"https:\/\/beerimporters.us\/pl\/wp-json\/wp\/v2\/product\/3233","targetHints":{"allow":["GET"]}}],"collection":[{"href":"https:\/\/beerimporters.us\/pl\/wp-json\/wp\/v2\/product"}],"about":[{"href":"https:\/\/beerimporters.us\/pl\/wp-json\/wp\/v2\/types\/product"}],"wp:featuredmedia":[{"embeddable":true,"href":"https:\/\/beerimporters.us\/pl\/wp-json\/wp\/v2\/media\/2985"}],"wp:attachment":[{"href":"https:\/\/beerimporters.us\/pl\/wp-json\/wp\/v2\/media?parent=3233"}],"wp:term":[{"taxonomy":"product_brand","embeddable":true,"href":"https:\/\/beerimporters.us\/pl\/wp-json\/wp\/v2\/product_brand?post=3233"},{"taxonomy":"product_cat","embeddable":true,"href":"https:\/\/beerimporters.us\/pl\/wp-json\/wp\/v2\/product_cat?post=3233"},{"taxonomy":"product_tag","embeddable":true,"href":"https:\/\/beerimporters.us\/pl\/wp-json\/wp\/v2\/product_tag?post=3233"}],"curies":[{"name":"wp","href":"https:\/\/api.w.org\/{rel}","templated":true}]}}