{"id":3232,"date":"2017-08-07T15:45:31","date_gmt":"2017-08-07T13:45:31","guid":{"rendered":"http:\/\/zywiecusa.com\/beers\/kozlak\/"},"modified":"2020-05-13T17:18:41","modified_gmt":"2020-05-13T15:18:41","slug":"kozlak","status":"publish","type":"product","link":"https:\/\/beerimporters.us\/pl\/piwa\/kozlak\/","title":{"rendered":"Ko\u017alak"},"content":{"rendered":"<p class=\"p1\"><span class=\"s1\">Piwo typu Ciemny Bock. Najlepsze polskie piwo w odcieniu rubinowym, zamkni\u0119te w unikalnej butelce z malowan\u0105 etykiet\u0105. Tajemnica i duma naszych piwowar\u00f3w. Ciemne, magiczne piwo!<\/span><\/p>\n<p class=\"p1\"><strong><span class=\"s1\">SK\u0141ADNIKI:<\/span><\/strong><\/p>\n<p class=\"p1\"><span class=\"s1\">woda, s\u0142\u00f3d j\u0119czmienny, s\u0142odowy karmel, chmiel, dro\u017cd\u017ce<\/span><\/p>\n<p class=\"p1\"><strong><span class=\"s1\">KOLOR:<\/span><\/strong><\/p>\n<p class=\"p1\"><span class=\"s1\">rubin<\/span><\/p>\n<p class=\"p1\"><strong><span class=\"s1\">ZAWARTO\u015a\u0106 ALKOHOLU:<\/span><\/strong><\/p>\n<p class=\"p1\"><span class=\"s1\">6,3% obj<\/span><\/p>\n<p class=\"p1\"><strong><span class=\"s1\">OPAKOWANIE:<\/span><\/strong><\/p>\n<p><span class=\"s1\">Karton 2 \u00d7 10 Opakowanie 500 ml (16.9 fl oz) Butelka<\/span><\/p>\n","protected":false},"excerpt":{"rendered":"<p>Excerpt Grow\u00a0frameworks to provide a robust synopsis for high level overviews. Iterative approaches to corporate strategy foster collaborative thinking to further the overall value proposition. Organically grow the holistic world view of disruptive innovation via workplace diversity and empowerment.<\/p>\n","protected":false},"featured_media":2984,"template":"","meta":{"_acf_changed":false},"product_brand":[],"product_cat":[109],"product_tag":[81],"class_list":{"0":"post-3232","1":"product","2":"type-product","3":"status-publish","4":"has-post-thumbnail","6":"product_cat-dark-bock-pl","7":"product_tag-polish-pl","8":"pa_product_brand-kozlak-pl","10":"first","11":"instock","12":"shipping-taxable","13":"purchasable","14":"product-type-simple"},"acf":[],"_links":{"self":[{"href":"https:\/\/beerimporters.us\/pl\/wp-json\/wp\/v2\/product\/3232","targetHints":{"allow":["GET"]}}],"collection":[{"href":"https:\/\/beerimporters.us\/pl\/wp-json\/wp\/v2\/product"}],"about":[{"href":"https:\/\/beerimporters.us\/pl\/wp-json\/wp\/v2\/types\/product"}],"wp:featuredmedia":[{"embeddable":true,"href":"https:\/\/beerimporters.us\/pl\/wp-json\/wp\/v2\/media\/2984"}],"wp:attachment":[{"href":"https:\/\/beerimporters.us\/pl\/wp-json\/wp\/v2\/media?parent=3232"}],"wp:term":[{"taxonomy":"product_brand","embeddable":true,"href":"https:\/\/beerimporters.us\/pl\/wp-json\/wp\/v2\/product_brand?post=3232"},{"taxonomy":"product_cat","embeddable":true,"href":"https:\/\/beerimporters.us\/pl\/wp-json\/wp\/v2\/product_cat?post=3232"},{"taxonomy":"product_tag","embeddable":true,"href":"https:\/\/beerimporters.us\/pl\/wp-json\/wp\/v2\/product_tag?post=3232"}],"curies":[{"name":"wp","href":"https:\/\/api.w.org\/{rel}","templated":true}]}}