{"id":3231,"date":"2017-08-07T15:27:43","date_gmt":"2017-08-07T13:27:43","guid":{"rendered":"http:\/\/zywiecusa.com\/beers\/amber-wheat\/"},"modified":"2020-05-13T17:06:54","modified_gmt":"2020-05-13T15:06:54","slug":"amber-wheat","status":"publish","type":"product","link":"https:\/\/beerimporters.us\/pl\/piwa\/amber-wheat\/","title":{"rendered":"Amber Wheat"},"content":{"rendered":"<p class=\"p1\"><span class=\"s1\">AMBER WHEAT to nowy produkt dla tych, kt\u00f3rzy ceni\u0105 sobie smak tradycyjnego piwa. Jest naturalnie m\u0119tne.<\/span><\/p>\n<p class=\"p1\"><strong><span class=\"s1\">KOLOR:<\/span><\/strong><\/p>\n<p class=\"p1\"><span class=\"s1\">jasny, s\u0142omkowy<\/span><\/p>\n<p class=\"p1\"><strong><span class=\"s1\">SK\u0141ADNIKI:<\/span><\/strong><\/p>\n<p class=\"p1\"><span class=\"s1\">woda, s\u0142\u00f3d pszeniczny, s\u0142\u00f3d j\u0119czmienny, chmiel, dro\u017cd\u017ce<\/span><\/p>\n<p class=\"p1\"><strong><span class=\"s1\">ZAWARTO\u015a\u0106 ALKOHOLU:<\/span><\/strong><\/p>\n<p class=\"p1\"><span class=\"s1\">5,2% obj.<\/span><\/p>\n<p class=\"p1\"><strong><span class=\"s1\">OPAKOWANIE:<\/span><\/strong><\/p>\n<p class=\"p1\"><span class=\"s1\">Karton 2 x 10 Opakowanie 500 ml (16.9 fl oz) Butelka<\/span><\/p>\n","protected":false},"excerpt":{"rendered":"<p>Excerpt Grow\u00a0frameworks to provide a robust synopsis for high level overviews. Iterative approaches to corporate strategy foster collaborative thinking to further the overall value proposition. Organically grow the holistic world view of disruptive innovation via workplace diversity and empowerment.<\/p>\n","protected":false},"featured_media":2980,"template":"","meta":{"_acf_changed":false},"product_brand":[],"product_cat":[108],"product_tag":[81],"class_list":{"0":"post-3231","1":"product","2":"type-product","3":"status-publish","4":"has-post-thumbnail","6":"product_cat-wheat-pl","7":"product_tag-polish-pl","8":"pa_product_brand-amber-pl","10":"first","11":"instock","12":"shipping-taxable","13":"purchasable","14":"product-type-simple"},"acf":[],"_links":{"self":[{"href":"https:\/\/beerimporters.us\/pl\/wp-json\/wp\/v2\/product\/3231","targetHints":{"allow":["GET"]}}],"collection":[{"href":"https:\/\/beerimporters.us\/pl\/wp-json\/wp\/v2\/product"}],"about":[{"href":"https:\/\/beerimporters.us\/pl\/wp-json\/wp\/v2\/types\/product"}],"wp:featuredmedia":[{"embeddable":true,"href":"https:\/\/beerimporters.us\/pl\/wp-json\/wp\/v2\/media\/2980"}],"wp:attachment":[{"href":"https:\/\/beerimporters.us\/pl\/wp-json\/wp\/v2\/media?parent=3231"}],"wp:term":[{"taxonomy":"product_brand","embeddable":true,"href":"https:\/\/beerimporters.us\/pl\/wp-json\/wp\/v2\/product_brand?post=3231"},{"taxonomy":"product_cat","embeddable":true,"href":"https:\/\/beerimporters.us\/pl\/wp-json\/wp\/v2\/product_cat?post=3231"},{"taxonomy":"product_tag","embeddable":true,"href":"https:\/\/beerimporters.us\/pl\/wp-json\/wp\/v2\/product_tag?post=3231"}],"curies":[{"name":"wp","href":"https:\/\/api.w.org\/{rel}","templated":true}]}}