{"id":3227,"date":"2017-08-07T15:08:00","date_gmt":"2017-08-07T13:08:00","guid":{"rendered":"http:\/\/zywiecusa.com\/beers\/lezajsk\/"},"modified":"2017-09-13T16:55:13","modified_gmt":"2017-09-13T14:55:13","slug":"lezajsk","status":"publish","type":"product","link":"https:\/\/beerimporters.us\/pl\/piwa\/lezajsk\/","title":{"rendered":"Le\u017cajsk"},"content":{"rendered":"<p class=\"p1\"><span class=\"s1\">To lekkie, orze\u017awiaj\u0105ce piwo o wyra\u017anym zapachu chmielu i charakterystycznej, gorzkiej ko\u0144c\u00f3wce smaku. Warzone wed\u0142ug tradycyjnej receptury, wykorzystuj\u0105cej najwy\u017cszej jako\u015bci naturalne sk\u0142adniki.<\/span><\/p>\n<p class=\"p1\"><strong><span class=\"s1\">CHARAKTERYSTYKA PRODUKTU:<\/span><\/strong><\/p>\n<p class=\"p1\"><span class=\"s1\">Zawarto\u015b\u0107 alkoholu 5,5%<\/span><\/p>\n<p class=\"p1\"><span class=\"s1\"><strong>OPAKOWANIE<\/strong>:<\/span><\/p>\n<ul>\n<li class=\"p1\"><span class=\"s1\">Puszka 500 ml (16.9 fl oz)<\/span><\/li>\n<\/ul>\n<ul class=\"ul1\">\n<li class=\"li3\"><span class=\"s1\">Karton 6 x czteropak puszka (24)<\/span><\/li>\n<\/ul>\n","protected":false},"excerpt":{"rendered":"<p>Excerpt Grow\u00a0frameworks to provide a robust synopsis for high level overviews. Iterative approaches to corporate strategy foster collaborative thinking to further the overall value proposition. Organically grow the holistic world view of disruptive innovation via workplace diversity and empowerment.<\/p>\n","protected":false},"featured_media":2976,"template":"","meta":{"_acf_changed":false},"product_brand":[],"product_cat":[80],"product_tag":[81],"class_list":{"0":"post-3227","1":"product","2":"type-product","3":"status-publish","4":"has-post-thumbnail","6":"product_cat-lager-pl","7":"product_tag-polish-pl","8":"pa_product_brand-lezajsk-pl","10":"first","11":"instock","12":"shipping-taxable","13":"purchasable","14":"product-type-simple"},"acf":[],"_links":{"self":[{"href":"https:\/\/beerimporters.us\/pl\/wp-json\/wp\/v2\/product\/3227","targetHints":{"allow":["GET"]}}],"collection":[{"href":"https:\/\/beerimporters.us\/pl\/wp-json\/wp\/v2\/product"}],"about":[{"href":"https:\/\/beerimporters.us\/pl\/wp-json\/wp\/v2\/types\/product"}],"wp:featuredmedia":[{"embeddable":true,"href":"https:\/\/beerimporters.us\/pl\/wp-json\/wp\/v2\/media\/2976"}],"wp:attachment":[{"href":"https:\/\/beerimporters.us\/pl\/wp-json\/wp\/v2\/media?parent=3227"}],"wp:term":[{"taxonomy":"product_brand","embeddable":true,"href":"https:\/\/beerimporters.us\/pl\/wp-json\/wp\/v2\/product_brand?post=3227"},{"taxonomy":"product_cat","embeddable":true,"href":"https:\/\/beerimporters.us\/pl\/wp-json\/wp\/v2\/product_cat?post=3227"},{"taxonomy":"product_tag","embeddable":true,"href":"https:\/\/beerimporters.us\/pl\/wp-json\/wp\/v2\/product_tag?post=3227"}],"curies":[{"name":"wp","href":"https:\/\/api.w.org\/{rel}","templated":true}]}}