{"id":3225,"date":"2017-08-07T15:00:43","date_gmt":"2017-08-07T13:00:43","guid":{"rendered":"http:\/\/zywiecusa.com\/beers\/tatra-malt\/"},"modified":"2025-04-25T02:53:52","modified_gmt":"2025-04-25T00:53:52","slug":"tatra-malt","status":"publish","type":"product","link":"https:\/\/beerimporters.us\/pl\/piwa\/tatra-malt\/","title":{"rendered":"Tatra Malt"},"content":{"rendered":"<p class=\"p1\"><span class=\"s1\">Tatra Malt jest warzona z najlepszych, naturalnych sk\u0142adnik\u00f3w: j\u0119czmienia s\u0142odowego, starannie wybranego chmielu i czystej wody \u017ar\u00f3dlanej. Tworzona na podstawie niezmienionej, tradycyjnej receptury. Ka\u017cda partia jest przygotowywana przez piwowar\u00f3w po\u015bwi\u0119conych bez reszty produkcji wyj\u0105tkowej Tatra Malt Liquor.<\/span><\/p>\n<p class=\"p1\"><strong><span class=\"s1\">CHARAKTERYSTYKA PRODUKTU:<\/span><\/strong><\/p>\n<p class=\"p1\"><span class=\"s1\">Zawarto\u015b\u0107 alkoholu 7,0%<\/span><\/p>\n<p class=\"p1\"><strong><span class=\"s1\">OPAKOWANIE:<\/span><\/strong><\/p>\n<ul>\n<li class=\"p1\"><span class=\"s1\">Puszka 500 ml (16.9 fl oz)<\/span><\/li>\n<li class=\"p1\"><span class=\"s1\">Karton 6 x czteropak puszka (24)<\/span><\/li>\n<\/ul>\n","protected":false},"excerpt":{"rendered":"<p>Excerpt Grow\u00a0frameworks to provide a robust synopsis for high level overviews. Iterative approaches to corporate strategy foster collaborative thinking to further the overall value proposition. Organically grow the holistic world view of disruptive innovation via workplace diversity and empowerment.<\/p>\n","protected":false},"featured_media":3554,"template":"","meta":{"_acf_changed":false},"product_brand":[],"product_cat":[87],"product_tag":[81],"class_list":{"0":"post-3225","1":"product","2":"type-product","3":"status-publish","4":"has-post-thumbnail","6":"product_cat-malt-pl","7":"product_tag-polish-pl","8":"pa_product_brand-tatra-pl","10":"first","11":"instock","12":"shipping-taxable","13":"purchasable","14":"product-type-simple"},"acf":[],"_links":{"self":[{"href":"https:\/\/beerimporters.us\/pl\/wp-json\/wp\/v2\/product\/3225","targetHints":{"allow":["GET"]}}],"collection":[{"href":"https:\/\/beerimporters.us\/pl\/wp-json\/wp\/v2\/product"}],"about":[{"href":"https:\/\/beerimporters.us\/pl\/wp-json\/wp\/v2\/types\/product"}],"wp:featuredmedia":[{"embeddable":true,"href":"https:\/\/beerimporters.us\/pl\/wp-json\/wp\/v2\/media\/3554"}],"wp:attachment":[{"href":"https:\/\/beerimporters.us\/pl\/wp-json\/wp\/v2\/media?parent=3225"}],"wp:term":[{"taxonomy":"product_brand","embeddable":true,"href":"https:\/\/beerimporters.us\/pl\/wp-json\/wp\/v2\/product_brand?post=3225"},{"taxonomy":"product_cat","embeddable":true,"href":"https:\/\/beerimporters.us\/pl\/wp-json\/wp\/v2\/product_cat?post=3225"},{"taxonomy":"product_tag","embeddable":true,"href":"https:\/\/beerimporters.us\/pl\/wp-json\/wp\/v2\/product_tag?post=3225"}],"curies":[{"name":"wp","href":"https:\/\/api.w.org\/{rel}","templated":true}]}}