{"id":3224,"date":"2017-08-31T17:39:13","date_gmt":"2017-08-31T15:39:13","guid":{"rendered":"http:\/\/zywiecusa.com\/beers\/tatra-can\/"},"modified":"2025-04-27T01:10:01","modified_gmt":"2025-04-26T23:10:01","slug":"tatra-light","status":"publish","type":"product","link":"https:\/\/beerimporters.us\/pl\/piwa\/tatra-light\/","title":{"rendered":"Tatra Light"},"content":{"rendered":"<p class=\"p1\"><span class=\"s1\">Tatra warzona jest w renomowanych browarach Grupy \u017bywiec. Tatra to klasyczne piwo o charakterystycznym aromacie, uzupe\u0142nione doskona\u0142ym, orze\u017awiaj\u0105cym smakiem.<\/span><\/p>\n<p class=\"p1\"><strong><span class=\"s1\">CHARAKTERYSTYKA PRODUKTU:<\/span><\/strong><\/p>\n<p class=\"p1\"><span class=\"s1\">Zawarto\u015b\u0107 alkoholu 5,8%<\/span><\/p>\n<p class=\"p1\"><strong><span class=\"s1\">OPAKOWANIE:<\/span><\/strong><\/p>\n<ul>\n<li class=\"p1\"><span class=\"s1\">Puszka 500 ml (16.9 fl oz)<\/span><\/li>\n<li class=\"p1\"><span class=\"s1\">Karton 6 x czteropak puszka (24)<\/span><\/li>\n<\/ul>\n","protected":false},"excerpt":{"rendered":"<p>Tatra warzona jest w renomowanych browarach Grupy \u017bywiec. Tatra to klasyczne piwo o charakterystycznym aromacie, uzupe\u0142nione doskona\u0142ym, orze\u017awiaj\u0105cym smakiem. CHARAKTERYSTYKA PRODUKTU: Zawarto\u015b\u0107 alkoholu 5,8% OPAKOWANIE: Puszka 500 ml (16.9 fl oz) Karton 6 x czteropak puszka (24)<\/p>\n","protected":false},"featured_media":3588,"template":"","meta":{"_acf_changed":false},"product_brand":[],"product_cat":[80],"product_tag":[],"class_list":{"0":"post-3224","1":"product","2":"type-product","3":"status-publish","4":"has-post-thumbnail","6":"product_cat-lager-pl","8":"first","9":"instock","10":"shipping-taxable","11":"product-type-simple"},"acf":[],"_links":{"self":[{"href":"https:\/\/beerimporters.us\/pl\/wp-json\/wp\/v2\/product\/3224","targetHints":{"allow":["GET"]}}],"collection":[{"href":"https:\/\/beerimporters.us\/pl\/wp-json\/wp\/v2\/product"}],"about":[{"href":"https:\/\/beerimporters.us\/pl\/wp-json\/wp\/v2\/types\/product"}],"wp:featuredmedia":[{"embeddable":true,"href":"https:\/\/beerimporters.us\/pl\/wp-json\/wp\/v2\/media\/3588"}],"wp:attachment":[{"href":"https:\/\/beerimporters.us\/pl\/wp-json\/wp\/v2\/media?parent=3224"}],"wp:term":[{"taxonomy":"product_brand","embeddable":true,"href":"https:\/\/beerimporters.us\/pl\/wp-json\/wp\/v2\/product_brand?post=3224"},{"taxonomy":"product_cat","embeddable":true,"href":"https:\/\/beerimporters.us\/pl\/wp-json\/wp\/v2\/product_cat?post=3224"},{"taxonomy":"product_tag","embeddable":true,"href":"https:\/\/beerimporters.us\/pl\/wp-json\/wp\/v2\/product_tag?post=3224"}],"curies":[{"name":"wp","href":"https:\/\/api.w.org\/{rel}","templated":true}]}}