{"id":3218,"date":"2017-08-31T17:40:32","date_gmt":"2017-08-31T15:40:32","guid":{"rendered":"http:\/\/zywiecusa.com\/beers\/warka-classic-puszka\/"},"modified":"2017-09-25T17:46:27","modified_gmt":"2017-09-25T15:46:27","slug":"warka-classic-puszka","status":"publish","type":"product","link":"https:\/\/beerimporters.us\/pl\/piwa\/warka-classic-puszka\/","title":{"rendered":"Warka Classic &#8211; puszka"},"content":{"rendered":"<p class=\"p1\"><span class=\"s1\">Warzona zgodnie z tradycyjn\u0105 receptur\u0105 z 1478 roku. To zr\u00f3wnowa\u017cone piwo szczyci si\u0119 &#8222;szlachetn\u0105 goryczk\u0105, z\u0142otym kolorem i idealn\u0105 czap\u0105<b>&#8222;<\/b>. To jedyne piwo z prawdziwie &#8222;piwnym&#8221; nazwiskiem &#8211; &#8222;warka&#8221; to termin warzelniczy, kt\u00f3ry oznacza parti\u0119 piwa otrzymanego z jednego warzenia. Jest to r\u00f3wnie\u017c jedyna marka piwa w Polsce z sieci\u0105 w\u0142asnych pub\u00f3w.<\/span><\/p>\n<p class=\"p1\"><strong><span class=\"s1\">CHARAKTERYSTYKA PRODUKTU:<\/span><\/strong><\/p>\n<p class=\"p1\"><span class=\"s1\">Zawarto\u015b\u0107 alkoholu 5,7%<\/span><\/p>\n<p class=\"p1\"><strong><span class=\"s1\">OPAKOWANIE<\/span><\/strong><\/p>\n<ul>\n<li class=\"p1\"><span class=\"s1\">Puszka du\u017ca<span class=\"Apple-converted-space\">\u00a0 <\/span>500 ml (16.9 fl oz)<\/span><\/li>\n<li class=\"p1\"><span class=\"s1\">Karton 6 x czteropak puszka (24)<\/span><\/li>\n<\/ul>\n","protected":false},"excerpt":{"rendered":"<p>Warzona zgodnie z tradycyjn\u0105 receptur\u0105 z 1478 roku. To zr\u00f3wnowa\u017cone piwo szczyci si\u0119 &#8222;szlachetn\u0105 goryczk\u0105, z\u0142otym kolorem i idealn\u0105 czap\u0105&#8222;. To jedyne piwo z prawdziwie &#8222;piwnym&#8221; nazwiskiem &#8211; &#8222;warka&#8221; to termin warzelniczy, kt\u00f3ry oznacza parti\u0119 piwa otrzymanego z jednego warzenia. Jest to r\u00f3wnie\u017c jedyna marka piwa w Polsce z sieci\u0105 w\u0142asnych pub\u00f3w. CHARAKTERYSTYKA PRODUKTU: Zawarto\u015b\u0107&#8230;<\/p>\n","protected":false},"featured_media":3275,"template":"","meta":{"_acf_changed":false},"product_brand":[],"product_cat":[80],"product_tag":[],"class_list":{"0":"post-3218","1":"product","2":"type-product","3":"status-publish","4":"has-post-thumbnail","6":"product_cat-lager-pl","8":"first","9":"instock","10":"shipping-taxable","11":"product-type-simple"},"acf":[],"_links":{"self":[{"href":"https:\/\/beerimporters.us\/pl\/wp-json\/wp\/v2\/product\/3218","targetHints":{"allow":["GET"]}}],"collection":[{"href":"https:\/\/beerimporters.us\/pl\/wp-json\/wp\/v2\/product"}],"about":[{"href":"https:\/\/beerimporters.us\/pl\/wp-json\/wp\/v2\/types\/product"}],"wp:featuredmedia":[{"embeddable":true,"href":"https:\/\/beerimporters.us\/pl\/wp-json\/wp\/v2\/media\/3275"}],"wp:attachment":[{"href":"https:\/\/beerimporters.us\/pl\/wp-json\/wp\/v2\/media?parent=3218"}],"wp:term":[{"taxonomy":"product_brand","embeddable":true,"href":"https:\/\/beerimporters.us\/pl\/wp-json\/wp\/v2\/product_brand?post=3218"},{"taxonomy":"product_cat","embeddable":true,"href":"https:\/\/beerimporters.us\/pl\/wp-json\/wp\/v2\/product_cat?post=3218"},{"taxonomy":"product_tag","embeddable":true,"href":"https:\/\/beerimporters.us\/pl\/wp-json\/wp\/v2\/product_tag?post=3218"}],"curies":[{"name":"wp","href":"https:\/\/api.w.org\/{rel}","templated":true}]}}