{"id":3216,"date":"2017-08-07T15:04:11","date_gmt":"2017-08-07T13:04:11","guid":{"rendered":"http:\/\/zywiecusa.com\/beers\/hevelius-kaper\/"},"modified":"2017-09-19T18:21:50","modified_gmt":"2017-09-19T16:21:50","slug":"hevelius-kaper","status":"publish","type":"product","link":"https:\/\/beerimporters.us\/pl\/piwa\/hevelius-kaper\/","title":{"rendered":"Hevelius Kaper"},"content":{"rendered":"<p class=\"p1\"><span class=\"s1\">Kaper to piwo dolnej fermentacji, o unikalnym zapachu zbo\u017ca i chleba. Ma pe\u0142ny, s\u0142odki smak, kolor ciemnego bursztynu i wysok\u0105 zawarto\u015b\u0107 alkoholu. To najmocniejsze piwo warzone w Polsce. Kaper zawdzi\u0119cza swoje unikalne w\u0142a\u015bciwo\u015bci czterem odmianom s\u0142odu, najwy\u017cszej jako\u015bci aromatycznym odmianom chmielu z Lublina i wyj\u0105tkowo d\u0142ugiego procesu fermentacji i warstwowania.<\/span><\/p>\n<p class=\"p1\"><strong><span class=\"s1\">CHARAKTERYSTYKA PRODUKTU:<\/span><\/strong><\/p>\n<p class=\"p1\"><span class=\"s1\">Zawarto\u015b\u0107 alkoholu <\/span><span class=\"s1\">8.7%<\/span><\/p>\n<p class=\"p1\"><strong><span class=\"s1\">OPAKOWANIE:<\/span><\/strong><\/p>\n<ul>\n<li class=\"p1\"><span class=\"s1\">Butelka 500 ml (16.9 fl oz)<\/span><\/li>\n<li class=\"p1\"><span class=\"s1\">Karton 20 x Butelka 500 ml (16.9 fl oz)<\/span><\/li>\n<\/ul>\n","protected":false},"excerpt":{"rendered":"<p>Excerpt Grow\u00a0frameworks to provide a robust synopsis for high level overviews. Iterative approaches to corporate strategy foster collaborative thinking to further the overall value proposition. Organically grow the holistic world view of disruptive innovation via workplace diversity and empowerment.<\/p>\n","protected":false},"featured_media":2974,"template":"","meta":{"_acf_changed":false},"product_brand":[],"product_cat":[80],"product_tag":[81],"class_list":{"0":"post-3216","1":"product","2":"type-product","3":"status-publish","4":"has-post-thumbnail","6":"product_cat-lager-pl","7":"product_tag-polish-pl","8":"pa_product_brand-kaper-pl","10":"first","11":"instock","12":"shipping-taxable","13":"purchasable","14":"product-type-simple"},"acf":[],"_links":{"self":[{"href":"https:\/\/beerimporters.us\/pl\/wp-json\/wp\/v2\/product\/3216","targetHints":{"allow":["GET"]}}],"collection":[{"href":"https:\/\/beerimporters.us\/pl\/wp-json\/wp\/v2\/product"}],"about":[{"href":"https:\/\/beerimporters.us\/pl\/wp-json\/wp\/v2\/types\/product"}],"wp:featuredmedia":[{"embeddable":true,"href":"https:\/\/beerimporters.us\/pl\/wp-json\/wp\/v2\/media\/2974"}],"wp:attachment":[{"href":"https:\/\/beerimporters.us\/pl\/wp-json\/wp\/v2\/media?parent=3216"}],"wp:term":[{"taxonomy":"product_brand","embeddable":true,"href":"https:\/\/beerimporters.us\/pl\/wp-json\/wp\/v2\/product_brand?post=3216"},{"taxonomy":"product_cat","embeddable":true,"href":"https:\/\/beerimporters.us\/pl\/wp-json\/wp\/v2\/product_cat?post=3216"},{"taxonomy":"product_tag","embeddable":true,"href":"https:\/\/beerimporters.us\/pl\/wp-json\/wp\/v2\/product_tag?post=3216"}],"curies":[{"name":"wp","href":"https:\/\/api.w.org\/{rel}","templated":true}]}}