{"id":3215,"date":"2013-06-07T14:20:30","date_gmt":"2017-05-29T14:20:30","guid":{"rendered":"http:\/\/zywiecusa.com\/beers\/zywiec-porter\/"},"modified":"2025-04-25T02:20:55","modified_gmt":"2025-04-25T00:20:55","slug":"zywiec-porter","status":"publish","type":"product","link":"https:\/\/beerimporters.us\/pl\/piwa\/zywiec-porter\/","title":{"rendered":"\u017bywiec Porter"},"content":{"rendered":"<p class=\"p1\"><span class=\"s1\"><b><span class=\"s2\">\/\u02c8\u0292\u026avj\u025bts\/<\/span><\/b><\/span><\/p>\n<p class=\"p1\"><span class=\"s1\"><strong>\u017bYWIEC\u00a0<\/strong><\/span><span class=\"s1\">Porter jest jednym z najstarszych polskich piw, warzony zgodnie z oryginalnym przepisem z 1881 roku. Posiada unikalne cechy ba\u0142tyckich porter\u00f3w. \u017bywiec Porter to ciemne piwo dolnej fermentacji, warzone obecnie w taki sam spos\u00f3b, jak na pocz\u0105tku, za pomoc\u0105 palonego s\u0142odu (receptura z 1910 roku). Starannie dobrane sk\u0142adniki nadaj\u0105 Porterowi niezwyk\u0142ego zapachu i g\u0142\u0119bokiego, ciemnobr\u0105zowego koloru. Jego smak jest wysoko ceniony &#8211; by\u0142 wielokrotnie nagradzany. Piwo ma r\u00f3wnie\u017c w\u0142a\u015bciwo\u015bci zdrowotne.<\/span><\/p>\n<p class=\"p1\"><strong><span class=\"s1\">CHARAKTERYSTYKA PRODUKTU:<\/span><\/strong><\/p>\n<p class=\"p1\"><span class=\"s1\">Zawarto\u015b\u0107 alkoholu 9,5%<\/span><\/p>\n<p class=\"p1\"><strong><span class=\"s1\">OPAKOWANIE:<\/span><\/strong><\/p>\n<ul>\n<li>Butelka 500 ml (16.9 fl oz)<\/li>\n<li>Karton 20 x Butelka 500 ml (16.9 fl oz)<\/li>\n<li><span class=\"s1\">Butelka <\/span>11.2 Fl.oz 4&#215;6\/24<\/li>\n<\/ul>\n","protected":false},"excerpt":{"rendered":"<p>User generated content in real-time will have multiple touchpoints for offshoring. Table win-win survival strategies to ensure proactive domination. At the end of the day, going forward, a new normal that has evolved from generation X is on the runway heading towards a streamlined cloud solution.<\/p>\n","protected":false},"featured_media":3525,"template":"","meta":{"_acf_changed":false},"product_brand":[],"product_cat":[95],"product_tag":[81],"class_list":{"0":"post-3215","1":"product","2":"type-product","3":"status-publish","4":"has-post-thumbnail","6":"product_cat-porter-pl","7":"product_tag-polish-pl","8":"pa_product_brand-zywiec-pl","10":"first","11":"instock","12":"shipping-taxable","13":"purchasable","14":"product-type-simple"},"acf":[],"_links":{"self":[{"href":"https:\/\/beerimporters.us\/pl\/wp-json\/wp\/v2\/product\/3215","targetHints":{"allow":["GET"]}}],"collection":[{"href":"https:\/\/beerimporters.us\/pl\/wp-json\/wp\/v2\/product"}],"about":[{"href":"https:\/\/beerimporters.us\/pl\/wp-json\/wp\/v2\/types\/product"}],"wp:featuredmedia":[{"embeddable":true,"href":"https:\/\/beerimporters.us\/pl\/wp-json\/wp\/v2\/media\/3525"}],"wp:attachment":[{"href":"https:\/\/beerimporters.us\/pl\/wp-json\/wp\/v2\/media?parent=3215"}],"wp:term":[{"taxonomy":"product_brand","embeddable":true,"href":"https:\/\/beerimporters.us\/pl\/wp-json\/wp\/v2\/product_brand?post=3215"},{"taxonomy":"product_cat","embeddable":true,"href":"https:\/\/beerimporters.us\/pl\/wp-json\/wp\/v2\/product_cat?post=3215"},{"taxonomy":"product_tag","embeddable":true,"href":"https:\/\/beerimporters.us\/pl\/wp-json\/wp\/v2\/product_tag?post=3215"}],"curies":[{"name":"wp","href":"https:\/\/api.w.org\/{rel}","templated":true}]}}