{"id":3118,"date":"2017-05-29T14:18:47","date_gmt":"2017-05-29T12:18:47","guid":{"rendered":"http:\/\/zywiecusa.com\/product\/warka-classic\/"},"modified":"2025-04-25T02:51:11","modified_gmt":"2025-04-25T00:51:11","slug":"warka-classic","status":"publish","type":"product","link":"https:\/\/beerimporters.us\/pl\/piwa\/warka-classic\/","title":{"rendered":"Warka Classic"},"content":{"rendered":"<p class=\"p1\"><span class=\"s1\">Warzona zgodnie z tradycyjn\u0105 receptur\u0105 z 1478 roku. To zr\u00f3wnowa\u017cone piwo szczyci si\u0119 &#8222;szlachetn\u0105 goryczk\u0105, z\u0142otym kolorem i idealn\u0105 czap\u0105&#8221;. To jedyne piwo z prawdziwie &#8222;piwnym&#8221; nazwiskiem &#8211; <em>warka<\/em>\u00a0to termin warzelniczy, kt\u00f3ry oznacza parti\u0119 piwa otrzymanego z jednego warzenia. Jest to r\u00f3wnie\u017c jedyna marka piwa w Polsce z sieci\u0105 w\u0142asnych pub\u00f3w.<\/span><\/p>\n<p class=\"p1\"><strong><span class=\"s1\">CHARAKTERYSTYKA PRODUKTU:<\/span><\/strong><\/p>\n<p class=\"p1\"><span class=\"s1\">Zawarto\u015b\u0107 alkoholu 5,7%<\/span><\/p>\n<p class=\"p1\"><strong><span class=\"s1\">OPAKOWANIE:<\/span><\/strong><\/p>\n<ul>\n<li class=\"p1\"><span class=\"s1\">Butelka 500 ml (16.9 fl oz)<\/span><\/li>\n<li class=\"p1\"><span class=\"s1\">Karton 20 x Butelka 500 ml (16.9 fl oz)<\/span><\/li>\n<li class=\"p1\"><span class=\"s1\">Puszka du\u017ca<span class=\"Apple-converted-space\">\u00a0 <\/span>500 ml (16.9 fl oz)<\/span><\/li>\n<li class=\"p1\"><span class=\"s1\">Karton 6 x czteropak puszka (24)<\/span><\/li>\n<\/ul>\n","protected":false},"excerpt":{"rendered":"<p>Some proactively envisioned multimedia based expertise and cross-media growth strategies. Seamlessly visualize quality intellectual capital without superior collaboration and idea-sharing. Holistically pontificate installed base portals after maintainable products.<\/p>\n","protected":false},"featured_media":3538,"template":"","meta":{"_acf_changed":false},"product_brand":[],"product_cat":[80],"product_tag":[81],"class_list":{"0":"post-3118","1":"product","2":"type-product","3":"status-publish","4":"has-post-thumbnail","6":"product_cat-lager-pl","7":"product_tag-polish-pl","8":"pa_product_brand-warka-pl","10":"first","11":"instock","12":"featured","13":"downloadable","14":"shipping-taxable","15":"purchasable","16":"product-type-simple"},"acf":[],"_links":{"self":[{"href":"https:\/\/beerimporters.us\/pl\/wp-json\/wp\/v2\/product\/3118","targetHints":{"allow":["GET"]}}],"collection":[{"href":"https:\/\/beerimporters.us\/pl\/wp-json\/wp\/v2\/product"}],"about":[{"href":"https:\/\/beerimporters.us\/pl\/wp-json\/wp\/v2\/types\/product"}],"wp:featuredmedia":[{"embeddable":true,"href":"https:\/\/beerimporters.us\/pl\/wp-json\/wp\/v2\/media\/3538"}],"wp:attachment":[{"href":"https:\/\/beerimporters.us\/pl\/wp-json\/wp\/v2\/media?parent=3118"}],"wp:term":[{"taxonomy":"product_brand","embeddable":true,"href":"https:\/\/beerimporters.us\/pl\/wp-json\/wp\/v2\/product_brand?post=3118"},{"taxonomy":"product_cat","embeddable":true,"href":"https:\/\/beerimporters.us\/pl\/wp-json\/wp\/v2\/product_cat?post=3118"},{"taxonomy":"product_tag","embeddable":true,"href":"https:\/\/beerimporters.us\/pl\/wp-json\/wp\/v2\/product_tag?post=3118"}],"curies":[{"name":"wp","href":"https:\/\/api.w.org\/{rel}","templated":true}]}}