{"id":3117,"date":"2017-05-29T14:17:49","date_gmt":"2017-05-29T12:17:49","guid":{"rendered":"http:\/\/zywiecusa.com\/product\/warka-strong\/"},"modified":"2025-04-25T02:46:57","modified_gmt":"2025-04-25T00:46:57","slug":"warka-strong","status":"publish","type":"product","link":"https:\/\/beerimporters.us\/pl\/piwa\/warka-strong\/","title":{"rendered":"Warka Mocna"},"content":{"rendered":"<p class=\"p1\"><span class=\"s1\">To piwo, o wysokiej zawarto\u015bci ekstraktu i wyj\u0105tkowo g\u0142\u0119bokim smaku. Warzone z najwy\u017cszej jako\u015bci naturalnych sk\u0142adnik\u00f3w. Charakteryzuje si\u0119 oryginalnym smakiem s\u0142odu i chmielu, pi\u0119knym, g\u0142\u0119bokim, bursztynowym kolorem i wy\u017csz\u0105 zawarto\u015bci\u0105 alkoholu. Jego niepowtarzalny charakter jest wynikiem unikalnej kompozycji<b> <\/b>dw\u00f3ch s\u0142od\u00f3w: pilsner &#8211; kt\u00f3ry nadaje mu charakteru i s\u0142odu palonego.<b> <\/b>Ten ostatni dodaje mu unikatowego, s\u0142odkiego smaku i kolor bursztynu. Strong to piwo doskona\u0142ej jako\u015bci, cieszy si\u0119 du\u017cym zainteresowaniem i uznaniem.<\/span><\/p>\n<p class=\"p1\"><strong><span class=\"s1\">CHARAKTERYSTYKA PRODUKTU:<\/span><\/strong><\/p>\n<p class=\"p1\"><span class=\"s1\">Zawarto\u015b\u0107 alkoholu 6,5%<\/span><\/p>\n<p class=\"p1\"><strong><span class=\"s1\">OPAKOWANIE:<\/span><\/strong><\/p>\n<ul>\n<li class=\"p1\"><span class=\"s1\">Butelka 500 ml (16.9 fl oz)<\/span><\/li>\n<li class=\"p1\"><span class=\"s1\">Karton 20 x Butelka 500 ml (16.9 fl oz)<\/span><\/li>\n<li class=\"p1\"><span class=\"s1\">Puszka<span class=\"Apple-converted-space\">\u00a0 <\/span>500 ml (16.9 fl oz)<\/span><\/li>\n<li class=\"p1\"><span class=\"s1\">Karton 6 x czteropak puszka (24)<\/span><\/li>\n<\/ul>\n","protected":false},"excerpt":{"rendered":"<p>Frameworks to provide a robust synopsis for high level overviews. Iterative approaches to corporate strategy foster collaborative thinking to further the overall value proposition. Organically grow the holistic world view of disruptive innovation via workplace diversity and empowerment.<\/p>\n","protected":false},"featured_media":3544,"template":"","meta":{"_acf_changed":false},"product_brand":[],"product_cat":[87],"product_tag":[81],"class_list":{"0":"post-3117","1":"product","2":"type-product","3":"status-publish","4":"has-post-thumbnail","6":"product_cat-malt-pl","7":"product_tag-polish-pl","8":"pa_product_brand-warka-pl","10":"first","11":"instock","12":"shipping-taxable","13":"purchasable","14":"product-type-simple"},"acf":[],"_links":{"self":[{"href":"https:\/\/beerimporters.us\/pl\/wp-json\/wp\/v2\/product\/3117","targetHints":{"allow":["GET"]}}],"collection":[{"href":"https:\/\/beerimporters.us\/pl\/wp-json\/wp\/v2\/product"}],"about":[{"href":"https:\/\/beerimporters.us\/pl\/wp-json\/wp\/v2\/types\/product"}],"wp:featuredmedia":[{"embeddable":true,"href":"https:\/\/beerimporters.us\/pl\/wp-json\/wp\/v2\/media\/3544"}],"wp:attachment":[{"href":"https:\/\/beerimporters.us\/pl\/wp-json\/wp\/v2\/media?parent=3117"}],"wp:term":[{"taxonomy":"product_brand","embeddable":true,"href":"https:\/\/beerimporters.us\/pl\/wp-json\/wp\/v2\/product_brand?post=3117"},{"taxonomy":"product_cat","embeddable":true,"href":"https:\/\/beerimporters.us\/pl\/wp-json\/wp\/v2\/product_cat?post=3117"},{"taxonomy":"product_tag","embeddable":true,"href":"https:\/\/beerimporters.us\/pl\/wp-json\/wp\/v2\/product_tag?post=3117"}],"curies":[{"name":"wp","href":"https:\/\/api.w.org\/{rel}","templated":true}]}}