{"id":2845,"date":"2013-06-07T13:34:14","date_gmt":"2013-06-07T11:34:14","guid":{"rendered":"http:\/\/zywiecusa.com\/product\/zywiec\/"},"modified":"2025-04-25T03:15:30","modified_gmt":"2025-04-25T01:15:30","slug":"zywiec","status":"publish","type":"product","link":"https:\/\/beerimporters.us\/pl\/piwa\/zywiec\/","title":{"rendered":"\u017bywiec"},"content":{"rendered":"<p class=\"p1\"><span class=\"s1\"><b><span class=\"s2\">\/\u02c8\u0292\u026avj\u025bts\/<\/span><\/b><\/span><\/p>\n<p class=\"p1\"><span class=\"s1\">Piwo \u017bywiec jest znane w wielu krajach m.in. w Stanach Zjednoczonych, Kanadzie i Rosji. To s\u0142ynne piwo to produkt o wyj\u0105tkowej jako\u015bci, warzony z najlepszego, krajowego chmielu i s\u0142odu z kryszta\u0142owo czyst\u0105 wod\u0105 g\u00f3rsk\u0105, zgodnie z tradycyjnymi recepturami browarnik\u00f3w \u017cywieckich.<\/span><\/p>\n<p class=\"p1\"><span class=\"s1\"><b>\u017bYWIEC:<\/b><\/span><\/p>\n<ul>\n<li>Pe\u0142ny w smaku<\/li>\n<li>Przejrzysty, czysty, \u015bwie\u017cy smak<\/li>\n<li>Lekko chmielowy<\/li>\n<li>Mocna, lecz przyjemna goryczka<\/li>\n<li>Jasny w kolorze<\/li>\n<\/ul>\n<p>&nbsp;<\/p>\n<p class=\"p1\"><strong><span class=\"s1\">CHARAKTERYSTYKA PRODUKTU:<\/span><\/strong><\/p>\n<p class=\"p1\"><span class=\"s1\">Zawarto\u015b\u0107 alkoholu &#8211; 5,6 %<\/span><\/p>\n<p>&nbsp;<\/p>\n<p><span style=\"color: #000000;\"><b>OPAKOWANIE:<\/b><\/span><\/p>\n<ul>\n<li>Opakowanie: Butelka 500 ml (16.9 fl oz)<\/li>\n<li>Karton 20 \u00d7 Butelka 500 ml (16.9 fl oz)<\/li>\n<\/ul>\n<ul>\n<li>Butelka 330ml (11.2 fl oz)<\/li>\n<li>Sze\u015bciopak \u2013 6 x 330ml (11.2 fl oz)<\/li>\n<li>Karton 12 x 330 ml (11.2 fl oz)<\/li>\n<\/ul>\n<ul>\n<li>Puszka du\u017ca 500 ml (16.9 fl oz)<\/li>\n<li>Czteropak \u2013 4 x 500 ml (16.9 fl oz)<\/li>\n<li>Puszka ma\u0142a 330 ml (11.2 fl oz)<\/li>\n<li>Czteropak \u2013 4 x 330 ml (11.2 fl oz)<\/li>\n<\/ul>\n<ul>\n<li>Keg &#8211; 30 l (7.93 gal)<\/li>\n<\/ul>\n","protected":false},"excerpt":{"rendered":"<p>\/\u02c8\u0292\u026avj\u025bts\/ Piwo \u017bywiec jest znane w wielu krajach m.in. w Stanach Zjednoczonych, Kanadzie i Rosji. To s\u0142ynne piwo to produkt o wyj\u0105tkowej jako\u015bci, warzony z najlepszego, krajowego chmielu i s\u0142odu z kryszta\u0142owo czyst\u0105 wod\u0105 g\u00f3rsk\u0105, zgodnie z tradycyjnymi recepturami browarnik\u00f3w \u017cywieckich. \u017bYWIEC: Pe\u0142ny w smaku Przejrzysty, czysty, \u015bwie\u017cy smak Lekko chmielowy Mocna, lecz przyjemna goryczka&#8230;<\/p>\n","protected":false},"featured_media":3528,"template":"","meta":{"_acf_changed":false},"product_brand":[],"product_cat":[80],"product_tag":[81],"class_list":{"0":"post-2845","1":"product","2":"type-product","3":"status-publish","4":"has-post-thumbnail","6":"product_cat-lager-pl","7":"product_tag-polish-pl","8":"pa_product_brand-zywiec-pl","10":"first","11":"instock","12":"featured","13":"shipping-taxable","14":"purchasable","15":"product-type-simple"},"acf":[],"_links":{"self":[{"href":"https:\/\/beerimporters.us\/pl\/wp-json\/wp\/v2\/product\/2845","targetHints":{"allow":["GET"]}}],"collection":[{"href":"https:\/\/beerimporters.us\/pl\/wp-json\/wp\/v2\/product"}],"about":[{"href":"https:\/\/beerimporters.us\/pl\/wp-json\/wp\/v2\/types\/product"}],"wp:featuredmedia":[{"embeddable":true,"href":"https:\/\/beerimporters.us\/pl\/wp-json\/wp\/v2\/media\/3528"}],"wp:attachment":[{"href":"https:\/\/beerimporters.us\/pl\/wp-json\/wp\/v2\/media?parent=2845"}],"wp:term":[{"taxonomy":"product_brand","embeddable":true,"href":"https:\/\/beerimporters.us\/pl\/wp-json\/wp\/v2\/product_brand?post=2845"},{"taxonomy":"product_cat","embeddable":true,"href":"https:\/\/beerimporters.us\/pl\/wp-json\/wp\/v2\/product_cat?post=2845"},{"taxonomy":"product_tag","embeddable":true,"href":"https:\/\/beerimporters.us\/pl\/wp-json\/wp\/v2\/product_tag?post=2845"}],"curies":[{"name":"wp","href":"https:\/\/api.w.org\/{rel}","templated":true}]}}