{"id":3257,"date":"2017-08-16T13:07:41","date_gmt":"2017-08-16T11:07:41","guid":{"rendered":"http:\/\/zywiecusa.com\/przepisy\/tilapia-sopot\/"},"modified":"2017-09-13T18:02:29","modified_gmt":"2017-09-13T16:02:29","slug":"tilapia-po-sopocku","status":"publish","type":"page","link":"https:\/\/beerimporters.us\/pl\/przepisy\/tilapia-po-sopocku\/","title":{"rendered":"Tilapia po Sopocku"},"content":{"rendered":"<p><section id=\"bt_bb_section69df002f604de\" class=\"bt_bb_section bt_bb_color_scheme_1 bt_bb_layout_boxed_1200 bt_bb_vertical_align_top bt_bb_top_spacing_large bt_bb_bottom_spacing_large\" style=\"; --section-primary-color:#ffffff; --section-secondary-color:#191919;\" data-bt-override-class=\"null\"><div class=\"bt_bb_background_image_holder_wrapper\"><div class=\"bt_bb_background_image_holder bt_bb_parallax\"  data-parallax=\"0.7\" data-parallax-offset=\"0\" data-parallax-zoom-start=\"1\" data-parallax-zoom-end=\"1\" data-parallax-blur-start=\"0\" data-parallax-blur-end=\"0\" data-parallax-opacity-start=\"1\" data-parallax-opacity-end=\"1\" style=\" background-image:url(&#039;https:\/\/beerimporters.us\/wp-content\/uploads\/2017\/08\/IMG_1286-1-scaled.jpg&#039;);\"><\/div><\/div><div class=\"bt_bb_port\"><div class=\"bt_bb_cell\"><div class=\"bt_bb_cell_inner\"><div class=\"bt_bb_row \"  data-bt-override-class=\"{}\"><div class=\"bt_bb_row_holder\" ><div  class=\"bt_bb_column col-xxl-6 col-xl-6 bt_bb_vertical_align_top bt_bb_align_left bt_bb_padding_normal\" style=\"; --column-width:6;\" data-width=\"6\" data-bt-override-class=\"{}\"><div class=\"bt_bb_column_content\"><div class=\"bt_bb_column_content_inner\"><div class=\"bt_bb_separator bt_bb_border_style_none bt_bb_top_spacing_large\" data-bt-override-class=\"null\"><\/div><header class=\"bt_bb_headline bt_bb_font_weight_bolder bt_bb_dash_none bt_bb_subheadline bt_bb_size_medium bt_bb_align_inherit\" data-bt-override-class=\"{}\"><h1 class=\"bt_bb_headline_tag\"><span class=\"bt_bb_headline_content\"><span>TILAPIA<br \/><br \/>\nPO SOPOCKU<\/span><\/span><\/h1><div class=\"bt_bb_headline_subheadline\">Christina\u2019s Restaurant<\/div><\/header><div class=\"bt_bb_separator bt_bb_border_style_none bt_bb_bottom_spacing_normal\" data-bt-override-class=\"null\"><\/div><\/div><\/div><\/div><div  class=\"bt_bb_column col-xxl-6 col-xl-6 bt_bb_vertical_align_top bt_bb_align_left bt_bb_padding_normal\" style=\"; --column-width:6;\" data-width=\"6\" data-bt-override-class=\"{}\"><div class=\"bt_bb_column_content\"><div class=\"bt_bb_column_content_inner\"><\/div><\/div><\/div><\/div><\/div><\/div><!-- cell_inner --><\/div><!-- cell --><\/div><!-- port --><\/section><section id=\"bt_bb_section69df002f608a2\" class=\"bt_bb_section bt_bb_layout_boxed_1200 bt_bb_vertical_align_top bt_bb_top_spacing_medium bt_bb_bottom_spacing_medium\"  data-bt-override-class=\"null\"><div class=\"bt_bb_port\"><div class=\"bt_bb_cell\"><div class=\"bt_bb_cell_inner\"><div class=\"bt_bb_row  bt_bb_column_gap_0\" style=\"; --column-gap:0px;\" data-bt-override-class=\"{}\"><div class=\"bt_bb_row_holder\" ><div  class=\"bt_bb_column col-xxl-6 col-xl-6 bt_bb_vertical_align_top bt_bb_align_center bt_bb_padding_normal bt_bb_animation_fade_in animate\" style=\"; --column-width:6;\" data-width=\"6\" data-bt-override-class=\"{}\"><div class=\"bt_bb_column_content\"><div class=\"bt_bb_column_content_inner\"><div class=\"bt_bb_slider bt_bb_height_auto bt_bb_show_dots_bottom\"><div class=\"slick-slider\"  data-slick='{ \"lazyLoad\": \"progressive\", \"cssEase\": \"ease-out\", \"speed\": \"300\", \"adaptiveHeight\": true, \"dots\": true, \"prevArrow\": \"&lt;button type=\\\"button\\\" class=\\\"slick-prev\\\" aria-label=\\\"Previous\\\" tabindex=\\\"0\\\" role=\\\"button\\\"&gt;&lt;\/button&gt;\", \"nextArrow\": \"&lt;button type=\\\"button\\\" class=\\\"slick-next\\\" aria-label=\\\"Next\\\" tabindex=\\\"0\\\" role=\\\"button\\\"&gt;&lt;\/button&gt;\"}' ><div class=\"bt_bb_slider_item\" data-src-full=\"https:\/\/beerimporters.us\/wp-content\/uploads\/2017\/08\/1-3.jpg\"><img decoding=\"async\" src=\"https:\/\/beerimporters.us\/wp-content\/uploads\/2017\/08\/1-3.jpg\" alt=\"1\"  title=\"1\"><\/div><div class=\"bt_bb_slider_item\" data-src-full=\"https:\/\/beerimporters.us\/wp-content\/uploads\/2017\/08\/1-8.jpg\"><img decoding=\"async\" src=\"https:\/\/beerimporters.us\/wp-content\/uploads\/2017\/08\/1-8.jpg\" alt=\"1\"  title=\"1\"><\/div><div class=\"bt_bb_slider_item\" data-src-full=\"https:\/\/beerimporters.us\/wp-content\/uploads\/2017\/08\/2-5.jpg\"><img decoding=\"async\" src=\"https:\/\/beerimporters.us\/wp-content\/uploads\/2017\/08\/2-5.jpg\" alt=\"2\"  title=\"2\"><\/div><\/div><\/div><div class=\"bt_bb_separator bt_bb_border_style_none bt_bb_top_spacing_normal bt_bb_bottom_spacing_normal\" data-bt-override-class=\"null\"><\/div><div  class=\"bt_bb_text\" ><\/p>\n<p><strong>Sk\u0142adniki (1 porcja):<\/strong><br \/>\n1 filet tilapii<br \/>\n2 jajka<br \/>\nBu\u0142ka tarta<br \/>\n1 \u0142y\u017ceczka zi\u00f3\u0142, kt\u00f3re najbardziej lubisz<br \/>\nS\u00f3l<br \/>\nPieprz<br \/>\nOlej rzepakowy do sma\u017cenia<\/p>\n<p><strong>Sos:<\/strong><br \/>\n1\/2 cebuli \u015bredniej wielko\u015bci<br \/>\n1\/2 \u015bredniej s\u0142odkiej czerwonej papryki<br \/>\nOstra papryka w p\u0142atkach<br \/>\n7-8 \u015bredniej wielko\u015bci pieczarek<br \/>\nFrytki przyprawione pikantn\u0105 papryk\u0105<\/p>\n<p>\n<\/div><\/div><\/div><\/div><div  class=\"bt_bb_column col-xxl-6 col-xl-6 bt_bb_vertical_align_middle bt_bb_align_right bt_bb_padding_text_indent bt_bb_animation_fade_in animate\" style=\"; --column-width:6;\" data-width=\"6\" data-bt-override-class=\"{}\"><div class=\"bt_bb_column_content\"><div class=\"bt_bb_column_content_inner\"><div class=\"bt_bb_separator bt_bb_border_style_none bt_bb_top_spacing_normal\" data-bt-override-class=\"null\"><\/div><header class=\"bt_bb_headline bt_bb_color_scheme_5 bt_bb_dash_none bt_bb_size_medium bt_bb_align_left\" style=\"; --primary-color:#191919; --secondary-color:#fc0002;\" data-bt-override-class=\"{}\"><h2 class=\"bt_bb_headline_tag\"><span class=\"bt_bb_headline_content\"><span>PRZYGOTOWANIE<br \/><br \/>\n<\/span><\/span><\/h2><\/header><div class=\"bt_bb_separator bt_bb_border_style_none bt_bb_top_spacing_normal\" data-bt-override-class=\"null\"><\/div><div  class=\"bt_bb_text\" ><\/p>\n<p style=\"text-align: left;\">Umyj filet tilapii w zimnej wodzie, pos\u00f3l i popieprz go r\u00f3wnomiernie.<\/p>\n<p style=\"text-align: left;\">Wbij jajka do miski, wymieszaj trzepaczk\u0105, dodaj kilka szczypt zi\u00f3\u0142, 2 szczypty soli i wymieszaj. Wysyp na p\u0142aski talerz bu\u0142k\u0119 tart\u0105. Zanurz ryb\u0119 w wymieszanym jajku, a nast\u0119pnie w bu\u0142ce. Powt\u00f3rz panierowanie dwukrotnie.<\/p>\n<p style=\"text-align: left;\">Umie\u015b\u0107 ryb\u0119 na uprzednio podgrzanej patelni z olejem, tak aby sma\u017cy\u0142a si\u0119 na g\u0142\u0119bokim oleju, na \u015brednim p\u0142omieniu. Sma\u017c ok. 10 minut, aby ryba by\u0142a soczysta i z\u0142ocista.<\/p>\n<p>\n<\/div><div class=\"bt_bb_separator bt_bb_border_style_none bt_bb_top_spacing_normal\" data-bt-override-class=\"null\"><\/div><header class=\"bt_bb_headline bt_bb_color_scheme_5 bt_bb_dash_none bt_bb_size_medium bt_bb_align_left\" style=\"; --primary-color:#191919; --secondary-color:#fc0002;\" data-bt-override-class=\"{}\"><h2 class=\"bt_bb_headline_tag\"><span class=\"bt_bb_headline_content\"><span>SOS<\/span><\/span><\/h2><\/header><div class=\"bt_bb_separator bt_bb_border_style_none bt_bb_top_spacing_normal\" data-bt-override-class=\"null\"><\/div><div  class=\"bt_bb_text\" ><\/p>\n<p style=\"text-align: left;\">Posiekaj cebul\u0119 w do\u015b\u0107 grube paski (4-5 cm d\u0142.) razem z papryk\u0105 w cienkich, kr\u00f3tkich kawa\u0142kach (ok 2 cm d\u0142.). Sma\u017c warzywa na oddzielnych, gor\u0105cych patelniach. Cebula powinna nabra\u0107 z\u0142otego koloru. Papryka ma by\u0107 mi\u0119kka i soczysta, nie dobrze wysma\u017cona. Grubo poci\u0119te plasterki grzyb\u00f3w maj\u0105 si\u0119 udusi\u0107 tak, aby by\u0142y mi\u0119kkie, nie z\u0142ote. Dodaj s\u00f3l do smaku. Po uduszeniu wszystkiego &#8211; po\u0142\u0105cz warzywa na p\u0142ytkiej patelni i du\u015b na umiarkowanym p\u0142omieniu, tak, aby sok z grzyb\u00f3w zmiesza\u0142 si\u0119 z pozosta\u0142ymi warzywami. Dodaj ostr\u0105 papryk\u0119 zgodnie z w\u0142asnym upodobaniem.<br \/>\nZanim sos b\u0119dzie gotowy &#8211; w\u0142\u00f3\u017c frytki do rozgrzanego pieca i upiecz je.<\/p>\n<p style=\"text-align: left;\">Przed podaniem tilapii &#8211; umie\u015b\u0107 j\u0105 na papierowym r\u0119czniku, aby ods\u0105czy\u0107 t\u0142uszcz. Obok ryby na\u0142\u00f3\u017c frytki, i pokryj tilapi\u0119 sosem. Podaj danie z kawa\u0142kiem cytryny.<br \/>\nPodkre\u015bl letni charakter dania dobrze sch\u0142odzonym \u017bywcem. Smacznego!<\/p>\n<p>\n<\/div><div class=\"bt_bb_separator bt_bb_border_style_none bt_bb_top_spacing_normal\" data-bt-override-class=\"null\"><\/div><div  class=\"bt_bb_text\" ><\/p>\n<p style=\"text-align: right;\"><em>Christina\u2019s Restaurant<\/em><br \/>\n<em>853 Manhattan Ave, Brooklyn, NY 11222<\/em><br \/>\n<em>(718) 383-4382<\/em><\/p>\n<p style=\"text-align: right;\"><a href=\"http:\/\/christinaspolishrestaurant.net\"><em>christinaspolishrestaurant.net<\/em><\/a><\/p>\n<p>\n<\/div><\/div><\/div><\/div><\/div><\/div><\/div><!-- cell_inner --><\/div><!-- cell --><\/div><!-- port --><\/section><\/p>\n","protected":false},"excerpt":{"rendered":"","protected":false},"author":2,"featured_media":0,"parent":2863,"menu_order":0,"comment_status":"closed","ping_status":"closed","template":"","meta":{"_acf_changed":false,"footnotes":""},"class_list":["post-3257","page","type-page","status-publish","hentry"],"acf":[],"_links":{"self":[{"href":"https:\/\/beerimporters.us\/pl\/wp-json\/wp\/v2\/pages\/3257","targetHints":{"allow":["GET"]}}],"collection":[{"href":"https:\/\/beerimporters.us\/pl\/wp-json\/wp\/v2\/pages"}],"about":[{"href":"https:\/\/beerimporters.us\/pl\/wp-json\/wp\/v2\/types\/page"}],"author":[{"embeddable":true,"href":"https:\/\/beerimporters.us\/pl\/wp-json\/wp\/v2\/users\/2"}],"replies":[{"embeddable":true,"href":"https:\/\/beerimporters.us\/pl\/wp-json\/wp\/v2\/comments?post=3257"}],"version-history":[{"count":5,"href":"https:\/\/beerimporters.us\/pl\/wp-json\/wp\/v2\/pages\/3257\/revisions"}],"predecessor-version":[{"id":3267,"href":"https:\/\/beerimporters.us\/pl\/wp-json\/wp\/v2\/pages\/3257\/revisions\/3267"}],"up":[{"embeddable":true,"href":"https:\/\/beerimporters.us\/pl\/wp-json\/wp\/v2\/pages\/2863"}],"wp:attachment":[{"href":"https:\/\/beerimporters.us\/pl\/wp-json\/wp\/v2\/media?parent=3257"}],"curies":[{"name":"wp","href":"https:\/\/api.w.org\/{rel}","templated":true}]}}