{"id":3253,"date":"2017-08-16T12:46:19","date_gmt":"2017-08-16T10:46:19","guid":{"rendered":"http:\/\/zywiecusa.com\/przepisy\/potatoe-cheese-pierogi\/"},"modified":"2017-09-13T17:56:37","modified_gmt":"2017-09-13T15:56:37","slug":"pierogi-ruskie","status":"publish","type":"page","link":"https:\/\/beerimporters.us\/pl\/przepisy\/pierogi-ruskie\/","title":{"rendered":"Pierogi Ruskie"},"content":{"rendered":"<p><section id=\"bt_bb_section69deff329f7c9\" class=\"bt_bb_section bt_bb_color_scheme_1 bt_bb_layout_boxed_1200 bt_bb_vertical_align_top bt_bb_top_spacing_large bt_bb_bottom_spacing_large\" style=\"; --section-primary-color:#ffffff; --section-secondary-color:#191919;\" data-bt-override-class=\"null\"><div class=\"bt_bb_background_image_holder_wrapper\"><div class=\"bt_bb_background_image_holder bt_bb_parallax\"  data-parallax=\"0.7\" data-parallax-offset=\"0\" data-parallax-zoom-start=\"1\" data-parallax-zoom-end=\"1\" data-parallax-blur-start=\"0\" data-parallax-blur-end=\"0\" data-parallax-opacity-start=\"1\" data-parallax-opacity-end=\"1\" style=\" background-image:url(&#039;https:\/\/beerimporters.us\/wp-content\/uploads\/2017\/08\/1-11.jpg&#039;);\"><\/div><\/div><div class=\"bt_bb_port\"><div class=\"bt_bb_cell\"><div class=\"bt_bb_cell_inner\"><div class=\"bt_bb_row \"  data-bt-override-class=\"{}\"><div class=\"bt_bb_row_holder\" ><div  class=\"bt_bb_column col-xxl-6 col-xl-6 bt_bb_vertical_align_top bt_bb_align_left bt_bb_padding_normal\" style=\"; --column-width:6;\" data-width=\"6\" data-bt-override-class=\"{}\"><div class=\"bt_bb_column_content\"><div class=\"bt_bb_column_content_inner\"><div class=\"bt_bb_separator bt_bb_border_style_none bt_bb_top_spacing_large\" data-bt-override-class=\"null\"><\/div><header class=\"bt_bb_headline bt_bb_font_weight_bolder bt_bb_dash_none bt_bb_subheadline bt_bb_size_medium bt_bb_align_inherit\" data-bt-override-class=\"{}\"><h1 class=\"bt_bb_headline_tag\"><span class=\"bt_bb_headline_content\"><span>PIEROGI RUSKIE<\/span><\/span><\/h1><div class=\"bt_bb_headline_subheadline\">Karczma Restaurant<\/div><\/header><div class=\"bt_bb_separator bt_bb_border_style_none bt_bb_bottom_spacing_normal\" data-bt-override-class=\"null\"><\/div><\/div><\/div><\/div><div  class=\"bt_bb_column col-xxl-6 col-xl-6 bt_bb_vertical_align_top bt_bb_align_left bt_bb_padding_normal\" style=\"; --column-width:6;\" data-width=\"6\" data-bt-override-class=\"{}\"><div class=\"bt_bb_column_content\"><div class=\"bt_bb_column_content_inner\"><\/div><\/div><\/div><\/div><\/div><\/div><!-- cell_inner --><\/div><!-- cell --><\/div><!-- port --><\/section><section id=\"bt_bb_section69deff329fa27\" class=\"bt_bb_section bt_bb_layout_boxed_1200 bt_bb_vertical_align_top bt_bb_top_spacing_medium bt_bb_bottom_spacing_medium\"  data-bt-override-class=\"null\"><div class=\"bt_bb_port\"><div class=\"bt_bb_cell\"><div class=\"bt_bb_cell_inner\"><div class=\"bt_bb_row  bt_bb_column_gap_0\" style=\"; --column-gap:0px;\" data-bt-override-class=\"{}\"><div class=\"bt_bb_row_holder\" ><div  class=\"bt_bb_column col-xxl-6 col-xl-6 bt_bb_vertical_align_top bt_bb_align_center bt_bb_padding_normal bt_bb_animation_fade_in animate\" style=\"; --column-width:6;\" data-width=\"6\" data-bt-override-class=\"{}\"><div class=\"bt_bb_column_content\"><div class=\"bt_bb_column_content_inner\"><div class=\"bt_bb_slider bt_bb_height_auto bt_bb_show_dots_bottom\"><div class=\"slick-slider\"  data-slick='{ \"lazyLoad\": \"progressive\", \"cssEase\": \"ease-out\", \"speed\": \"300\", \"adaptiveHeight\": true, \"dots\": true, \"prevArrow\": \"&lt;button type=\\\"button\\\" class=\\\"slick-prev\\\" aria-label=\\\"Previous\\\" tabindex=\\\"0\\\" role=\\\"button\\\"&gt;&lt;\/button&gt;\", \"nextArrow\": \"&lt;button type=\\\"button\\\" class=\\\"slick-next\\\" aria-label=\\\"Next\\\" tabindex=\\\"0\\\" role=\\\"button\\\"&gt;&lt;\/button&gt;\"}' ><div class=\"bt_bb_slider_item\" data-src-full=\"https:\/\/beerimporters.us\/wp-content\/uploads\/2017\/08\/1-2.jpg\"><img decoding=\"async\" src=\"https:\/\/beerimporters.us\/wp-content\/uploads\/2017\/08\/1-2.jpg\" alt=\"1\"  title=\"1\"><\/div><div class=\"bt_bb_slider_item\" data-src-full=\"https:\/\/beerimporters.us\/wp-content\/uploads\/2017\/08\/1-9.jpg\"><img decoding=\"async\" src=\"https:\/\/beerimporters.us\/wp-content\/uploads\/2017\/08\/1-9.jpg\" alt=\"1\"  title=\"1\"><\/div><div class=\"bt_bb_slider_item\" data-src-full=\"https:\/\/beerimporters.us\/wp-content\/uploads\/2017\/08\/2-6.jpg\"><img decoding=\"async\" src=\"https:\/\/beerimporters.us\/wp-content\/uploads\/2017\/08\/2-6.jpg\" alt=\"2\"  title=\"2\"><\/div><\/div><\/div><div class=\"bt_bb_separator bt_bb_border_style_none bt_bb_top_spacing_normal bt_bb_bottom_spacing_normal\" data-bt-override-class=\"null\"><\/div><div  class=\"bt_bb_text\" ><\/p>\n<p><strong>Sk\u0142adniki:<\/strong><\/p>\n<p>Ciasto<br \/>\n2,5 szklanki m\u0105ki dowolnego rodzaju (za wyj\u0105tkiem ziemniaczanej)<br \/>\n1 szklanka letniej wody<br \/>\n1 jajko temperatury pokojowej<\/p>\n<p>Nadzienie<br \/>\n600 g gotowanych ziemniak\u00f3w<br \/>\n2 posiekane cebule<br \/>\nOk 1\/4 kg bia\u0142ego sera (t\u0142usty)<br \/>\ns\u00f3l i pieprz<\/p>\n<p>\n<\/div><\/div><\/div><\/div><div  class=\"bt_bb_column col-xxl-6 col-xl-6 bt_bb_vertical_align_middle bt_bb_align_right bt_bb_padding_text_indent bt_bb_animation_fade_in animate\" style=\"; --column-width:6;\" data-width=\"6\" data-bt-override-class=\"{}\"><div class=\"bt_bb_column_content\"><div class=\"bt_bb_column_content_inner\"><div class=\"bt_bb_separator bt_bb_border_style_none bt_bb_top_spacing_normal\" data-bt-override-class=\"null\"><\/div><header class=\"bt_bb_headline bt_bb_color_scheme_5 bt_bb_dash_none bt_bb_size_medium bt_bb_align_left\" style=\"; --primary-color:#191919; --secondary-color:#fc0002;\" data-bt-override-class=\"{}\"><h2 class=\"bt_bb_headline_tag\"><span class=\"bt_bb_headline_content\"><span>PRZYGOTOWANIE<br \/><br \/>\n<\/span><\/span><\/h2><\/header><div class=\"bt_bb_separator bt_bb_border_style_none bt_bb_top_spacing_normal\" data-bt-override-class=\"null\"><\/div><div  class=\"bt_bb_text\" ><\/p>\n<p style=\"text-align: left;\">Zacznij od farszu<br \/>\n1. Ugotuj ziemniaki w osolonej wodzie, odced\u017a je i ubij. Sch\u0142od\u017a je.<br \/>\n2. Zeszklij jedn\u0105 cebul\u0119 na ma\u015ble<br \/>\n3. Rozdrobnij bia\u0142y ser. Wymieszaj ziemniaki z serem i cebul\u0105, przypraw sol\u0105 i pieprzem.<\/p>\n<p>\n<\/div><div class=\"bt_bb_separator bt_bb_border_style_none bt_bb_top_spacing_normal\" data-bt-override-class=\"null\"><\/div><header class=\"bt_bb_headline bt_bb_color_scheme_5 bt_bb_dash_none bt_bb_size_medium bt_bb_align_left\" style=\"; --primary-color:#191919; --secondary-color:#fc0002;\" data-bt-override-class=\"{}\"><h2 class=\"bt_bb_headline_tag\"><span class=\"bt_bb_headline_content\"><span>CIASTO<br \/><br \/>\n<\/span><\/span><\/h2><\/header><div class=\"bt_bb_separator bt_bb_border_style_none bt_bb_top_spacing_normal\" data-bt-override-class=\"null\"><\/div><div  class=\"bt_bb_text\" ><\/p>\n<p style=\"text-align: left;\">1.Wsyp m\u0105k\u0119 do miski, dodaj jajko. Nast\u0119pnie zacznij bardzo powoli dolewa\u0107 do niej wody, mieszaj\u0105c w tym samym czasie ciasto drug\u0105 r\u0119k\u0105. Ciasto nie mo\u017ce by\u0107 zbyt mokre &#8211; uwa\u017caj na ilo\u015b\u0107 wody. Ugnie\u0107 ciasto na g\u0142adk\u0105 mas\u0119.<\/p>\n<p style=\"text-align: left;\">2.Umie\u015b\u0107 ciasto na desce do wa\u0142kowania pokrytej cienk\u0105 warstw\u0105 m\u0105ki. Rozwa\u0142kuj ciasto na w miar\u0119 cienk\u0105 warstw\u0119. Wytnij z placka k\u00f3\u0142ka \u015brednicy szklanki do herbaty. Na\u0142\u00f3\u017c na k\u00f3\u0142ko ciasta \u0142y\u017ceczk\u0119 farszu, a nast\u0119pnie z\u0142\u00f3\u017c kraw\u0119dzie \u015bciskaj\u0105c je z wyczuciem (musz\u0105 by\u0107 szczelne, aby wrz\u0105ca woda nie dosta\u0142a si\u0119 do \u015brodka).<\/p>\n<p>\n<\/div><div class=\"bt_bb_separator bt_bb_border_style_none bt_bb_top_spacing_normal\" data-bt-override-class=\"null\"><\/div><header class=\"bt_bb_headline bt_bb_color_scheme_5 bt_bb_dash_none bt_bb_size_medium bt_bb_align_left\" style=\"; --primary-color:#191919; --secondary-color:#fc0002;\" data-bt-override-class=\"{}\"><h2 class=\"bt_bb_headline_tag\"><span class=\"bt_bb_headline_content\"><span>GOTOWANIE<\/span><\/span><\/h2><\/header><div class=\"bt_bb_separator bt_bb_border_style_none bt_bb_top_spacing_normal\" data-bt-override-class=\"null\"><\/div><div  class=\"bt_bb_text\" ><\/p>\n<p style=\"text-align: left;\">3. Po przygotowaniu wszystkich pierog\u00f3w zagotuj wod\u0119 w garnku (dodaj \u0142y\u017ceczk\u0119 soli). Wrzucaj pierogi bardzo delikatnie na wrz\u0105c\u0105 wod\u0119. Pierogi opadn\u0105 najpierw na dno garnka.<br \/>\n4. Gdy wyp\u0142yn\u0105 na powierzchni\u0119 &#8211; gotuj je przez nast\u0119pne 3-5 minut.<br \/>\n5. Wyjmij je \u0142y\u017ck\u0105 cedzakow\u0105 i okra\u015b je stopionym mas\u0142em, aby nie sklei\u0142y si\u0119.<br \/>\n6. Udekoruj je zeszklon\u0105 cebulk\u0105 lub sma\u017conymi kawa\u0142kami boczku.<\/p>\n<p style=\"text-align: left;\">Do dania doskonale pasuje dobrze sch\u0142odzony \u017bywiec! Smacznego!<\/p>\n<p>\n<\/div><div class=\"bt_bb_separator bt_bb_border_style_none bt_bb_top_spacing_normal\" data-bt-override-class=\"null\"><\/div><div  class=\"bt_bb_text\" ><\/p>\n<p><em>136 Greenpoint Ave, Brooklyn, NY 11222<\/em><br \/>\n<em> (718) 349-1744<\/em><br \/>\n<em> <a href=\"http:\/\/karczmabrooklyn.com\">karczmabrooklyn.com<\/a><\/em><\/p>\n<p>\n<\/div><\/div><\/div><\/div><\/div><\/div><\/div><!-- cell_inner --><\/div><!-- cell --><\/div><!-- port --><\/section><\/p>\n","protected":false},"excerpt":{"rendered":"","protected":false},"author":2,"featured_media":0,"parent":2863,"menu_order":0,"comment_status":"closed","ping_status":"closed","template":"","meta":{"_acf_changed":false,"footnotes":""},"class_list":["post-3253","page","type-page","status-publish","hentry"],"acf":[],"_links":{"self":[{"href":"https:\/\/beerimporters.us\/pl\/wp-json\/wp\/v2\/pages\/3253","targetHints":{"allow":["GET"]}}],"collection":[{"href":"https:\/\/beerimporters.us\/pl\/wp-json\/wp\/v2\/pages"}],"about":[{"href":"https:\/\/beerimporters.us\/pl\/wp-json\/wp\/v2\/types\/page"}],"author":[{"embeddable":true,"href":"https:\/\/beerimporters.us\/pl\/wp-json\/wp\/v2\/users\/2"}],"replies":[{"embeddable":true,"href":"https:\/\/beerimporters.us\/pl\/wp-json\/wp\/v2\/comments?post=3253"}],"version-history":[{"count":2,"href":"https:\/\/beerimporters.us\/pl\/wp-json\/wp\/v2\/pages\/3253\/revisions"}],"predecessor-version":[{"id":3256,"href":"https:\/\/beerimporters.us\/pl\/wp-json\/wp\/v2\/pages\/3253\/revisions\/3256"}],"up":[{"embeddable":true,"href":"https:\/\/beerimporters.us\/pl\/wp-json\/wp\/v2\/pages\/2863"}],"wp:attachment":[{"href":"https:\/\/beerimporters.us\/pl\/wp-json\/wp\/v2\/media?parent=3253"}],"curies":[{"name":"wp","href":"https:\/\/api.w.org\/{rel}","templated":true}]}}