{"id":3249,"date":"2017-08-16T12:15:59","date_gmt":"2017-08-16T10:15:59","guid":{"rendered":"http:\/\/zywiecusa.com\/przepisy\/lobster-sandwich\/"},"modified":"2017-09-21T12:29:00","modified_gmt":"2017-09-21T10:29:00","slug":"lobster-sandwich","status":"publish","type":"page","link":"https:\/\/beerimporters.us\/pl\/przepisy\/lobster-sandwich\/","title":{"rendered":"lobster sandwich"},"content":{"rendered":"<p><section id=\"bt_bb_section69deff329c778\" class=\"bt_bb_section bt_bb_color_scheme_1 bt_bb_layout_boxed_1200 bt_bb_vertical_align_top bt_bb_top_spacing_large bt_bb_bottom_spacing_large\" style=\"; --section-primary-color:#ffffff; --section-secondary-color:#191919;\" data-bt-override-class=\"null\"><div class=\"bt_bb_background_image_holder_wrapper\"><div class=\"bt_bb_background_image_holder bt_bb_parallax\"  data-parallax=\"0.7\" data-parallax-offset=\"0\" data-parallax-zoom-start=\"1\" data-parallax-zoom-end=\"1\" data-parallax-blur-start=\"0\" data-parallax-blur-end=\"0\" data-parallax-opacity-start=\"1\" data-parallax-opacity-end=\"1\" style=\" background-image:url(&#039;https:\/\/beerimporters.us\/wp-content\/uploads\/2017\/05\/1-5.jpg&#039;);\"><\/div><\/div><div class=\"bt_bb_port\"><div class=\"bt_bb_cell\"><div class=\"bt_bb_cell_inner\"><div class=\"bt_bb_row \"  data-bt-override-class=\"{}\"><div class=\"bt_bb_row_holder\" ><div  class=\"bt_bb_column col-xxl-6 col-xl-6 bt_bb_vertical_align_top bt_bb_align_left bt_bb_padding_normal\" style=\"; --column-width:6;\" data-width=\"6\" data-bt-override-class=\"{}\"><div class=\"bt_bb_column_content\"><div class=\"bt_bb_column_content_inner\"><div class=\"bt_bb_separator bt_bb_border_style_none bt_bb_top_spacing_large\" data-bt-override-class=\"null\"><\/div><header class=\"bt_bb_headline bt_bb_font_weight_bolder bt_bb_dash_none bt_bb_subheadline bt_bb_size_medium bt_bb_align_inherit\" data-bt-override-class=\"{}\"><h1 class=\"bt_bb_headline_tag\"><span class=\"bt_bb_headline_content\"><span>KANAPKA<br \/><br \/>\nZ HOMAREM<\/span><\/span><\/h1><div class=\"bt_bb_headline_subheadline\">Teddy\u2019s Bar and Grill<\/div><\/header><div class=\"bt_bb_separator bt_bb_border_style_none bt_bb_bottom_spacing_normal\" data-bt-override-class=\"null\"><\/div><\/div><\/div><\/div><div  class=\"bt_bb_column col-xxl-6 col-xl-6 bt_bb_vertical_align_top bt_bb_align_left bt_bb_padding_normal\" style=\"; --column-width:6;\" data-width=\"6\" data-bt-override-class=\"{}\"><div class=\"bt_bb_column_content\"><div class=\"bt_bb_column_content_inner\"><\/div><\/div><\/div><\/div><\/div><\/div><!-- cell_inner --><\/div><!-- cell --><\/div><!-- port --><\/section><section id=\"bt_bb_section69deff329ca96\" class=\"bt_bb_section bt_bb_layout_boxed_1200 bt_bb_vertical_align_top bt_bb_top_spacing_medium bt_bb_bottom_spacing_medium\"  data-bt-override-class=\"null\"><div class=\"bt_bb_port\"><div class=\"bt_bb_cell\"><div class=\"bt_bb_cell_inner\"><div class=\"bt_bb_row  bt_bb_column_gap_0\" style=\"; --column-gap:0px;\" data-bt-override-class=\"{}\"><div class=\"bt_bb_row_holder\" ><div  class=\"bt_bb_column col-xxl-6 col-xl-6 bt_bb_vertical_align_top bt_bb_align_center bt_bb_padding_normal bt_bb_animation_fade_in animate\" style=\"; --column-width:6;\" data-width=\"6\" data-bt-override-class=\"{}\"><div class=\"bt_bb_column_content\"><div class=\"bt_bb_column_content_inner\"><div class=\"bt_bb_slider bt_bb_height_auto bt_bb_show_dots_bottom\"><div class=\"slick-slider\"  data-slick='{ \"lazyLoad\": \"progressive\", \"cssEase\": \"ease-out\", \"speed\": \"300\", \"adaptiveHeight\": true, \"dots\": true, \"prevArrow\": \"&lt;button type=\\\"button\\\" class=\\\"slick-prev\\\" aria-label=\\\"Previous\\\" tabindex=\\\"0\\\" role=\\\"button\\\"&gt;&lt;\/button&gt;\", \"nextArrow\": \"&lt;button type=\\\"button\\\" class=\\\"slick-next\\\" aria-label=\\\"Next\\\" tabindex=\\\"0\\\" role=\\\"button\\\"&gt;&lt;\/button&gt;\"}' ><div class=\"bt_bb_slider_item\" data-src-full=\"https:\/\/beerimporters.us\/wp-content\/uploads\/2017\/08\/1-1.jpg\"><img decoding=\"async\" src=\"https:\/\/beerimporters.us\/wp-content\/uploads\/2017\/08\/1-1.jpg\" alt=\"1\"  title=\"1\"><\/div><div class=\"bt_bb_slider_item\" data-src-full=\"https:\/\/beerimporters.us\/wp-content\/uploads\/2017\/08\/1-5.jpg\"><img decoding=\"async\" src=\"https:\/\/beerimporters.us\/wp-content\/uploads\/2017\/08\/1-5.jpg\" alt=\"1\"  title=\"1\"><\/div><div class=\"bt_bb_slider_item\" data-src-full=\"https:\/\/beerimporters.us\/wp-content\/uploads\/2017\/08\/4.jpg\"><img decoding=\"async\" src=\"https:\/\/beerimporters.us\/wp-content\/uploads\/2017\/08\/4.jpg\" alt=\"4\"  title=\"4\"><\/div><\/div><\/div><div class=\"bt_bb_separator bt_bb_border_style_none bt_bb_top_spacing_normal bt_bb_bottom_spacing_normal\" data-bt-override-class=\"null\"><\/div><div  class=\"bt_bb_text\" ><\/p>\n<p><strong>Sk\u0142adniki:<\/strong><\/p>\n<p>Ok. 250 g sa\u0142atki z homara<br \/>\nMajonez estragonowy<br \/>\nGuacamole<br \/>\nDwa plastry \u015bwie\u017cego pomidora<br \/>\nLi\u015b\u0107 rzymskiej sa\u0142aty<br \/>\nDwa plastry grubo ci\u0119tego, gotowanego bekonu<br \/>\n2 plastry chleba na zakwasie<\/p>\n<p>\n<\/div><\/div><\/div><\/div><div  class=\"bt_bb_column col-xxl-6 col-xl-6 bt_bb_vertical_align_middle bt_bb_align_right bt_bb_padding_text_indent bt_bb_animation_fade_in animate\" style=\"; --column-width:6;\" data-width=\"6\" data-bt-override-class=\"{}\"><div class=\"bt_bb_column_content\"><div class=\"bt_bb_column_content_inner\"><div class=\"bt_bb_separator bt_bb_border_style_none bt_bb_top_spacing_normal\" data-bt-override-class=\"null\"><\/div><header class=\"bt_bb_headline bt_bb_color_scheme_5 bt_bb_dash_none bt_bb_size_medium bt_bb_align_left\" style=\"; --primary-color:#191919; --secondary-color:#fc0002;\" data-bt-override-class=\"{}\"><h2 class=\"bt_bb_headline_tag\"><span class=\"bt_bb_headline_content\"><span>SA\u0141ATKA Z HOMARA<\/span><\/span><\/h2><\/header><div class=\"bt_bb_separator bt_bb_border_style_none bt_bb_top_spacing_normal\" data-bt-override-class=\"null\"><\/div><div  class=\"bt_bb_text\" ><\/p>\n<div class=\"page\" title=\"Page 1\">\n<div class=\"section\">\n<div class=\"layoutArea\">\n<div class=\"column\">\n<p class=\"p1\" style=\"text-align: left;\"><span class=\"s1\">2 x (680 g) \u017cywe homary<\/span><\/p>\n<p class=\"p1\" style=\"text-align: left;\"><span class=\"s1\">1\/4 szklanki posiekanego pomidora<\/span><\/p>\n<p class=\"p1\" style=\"text-align: left;\"><span class=\"s1\">3 \u0142y\u017cki \u015bwie\u017cego soku z cytryny<\/span><\/p>\n<p class=\"p1\" style=\"text-align: left;\"><span class=\"s1\">1\/3 fili\u017canki majonezu<\/span><\/p>\n<p class=\"p1\" style=\"text-align: left;\"><span class=\"s1\">2 \u0142y\u017cki sto\u0142owe drobno rozdrobnionego \u015bwie\u017cego (lub suszonego) estragonu<\/span><\/p>\n<ol class=\"ol1\">\n<li class=\"li1\" style=\"text-align: left;\"><span class=\"s1\">Umie\u015b\u0107 2 \u017cywe<b> <\/b>homary w ok. 1 litrze wrz\u0105cej, osolonej wody. Lu\u017ano przykryj garnek i gotuj homary na \u015brednim ogniu oko\u0142o 9 minut lub do momentu, gdy kolor chityny zmieni si\u0119 w jasn\u0105 czerwie\u0144. Wyjmij homary, \u017ceby ostyg\u0142y. <\/span><\/li>\n<li class=\"li1\" style=\"text-align: left;\"><span class=\"s1\">Po\u0142\u0105cz sok z cytryny, pomidora, estragonu, soli 1\/2 \u0142y\u017ceczki soli i \u00bc \u0142y\u017ceczki pieprzu w du\u017cej misce i pozostaw w temperaturze pokojowej 30 minut.<\/span><\/li>\n<li class=\"li1\" style=\"text-align: left;\">Kiedy homary ostygn\u0105, usu\u0144 mi\u0119so ze szczypc\u00f3w, staw\u00f3w i ogon\u00f3w. Potnij mi\u0119so na 1-centymetrowe kawa\u0142ki.<\/li>\n<li class=\"li1\" style=\"text-align: left;\">Delikatnie po\u0142\u0105cz homara z majonezem.<\/li>\n<\/ol>\n<\/div>\n<\/div>\n<\/div>\n<\/div>\n<p>\n<\/div><div class=\"bt_bb_separator bt_bb_border_style_none bt_bb_top_spacing_normal\" data-bt-override-class=\"null\"><\/div><header class=\"bt_bb_headline bt_bb_color_scheme_5 bt_bb_dash_none bt_bb_size_medium bt_bb_align_left\" style=\"; --primary-color:#191919; --secondary-color:#fc0002;\" data-bt-override-class=\"{}\"><h2 class=\"bt_bb_headline_tag\"><span class=\"bt_bb_headline_content\"><span>MAJONEZ ESTRAGONOWY<\/span><\/span><\/h2><\/header><div class=\"bt_bb_separator bt_bb_border_style_none bt_bb_top_spacing_normal\" data-bt-override-class=\"null\"><\/div><div  class=\"bt_bb_text\" ><\/p>\n<p class=\"p1\" style=\"text-align: left;\"><span class=\"s1\">Po\u0142\u0105cz 1\/3 fili\u017canki majonezu z 2 \u0142y\u017ckami sto\u0142owymi drobno posiekanego estragonu. Sch\u0142od\u017a mas\u0119 w lod\u00f3wce przez noc.<\/span><\/p>\n<p>\n<\/div><div class=\"bt_bb_separator bt_bb_border_style_none bt_bb_top_spacing_normal\" data-bt-override-class=\"null\"><\/div><header class=\"bt_bb_headline bt_bb_color_scheme_5 bt_bb_dash_none bt_bb_size_medium bt_bb_align_left\" style=\"; --primary-color:#191919; --secondary-color:#fc0002;\" data-bt-override-class=\"{}\"><h2 class=\"bt_bb_headline_tag\"><span class=\"bt_bb_headline_content\"><span>GUACAMOLE<\/span><\/span><\/h2><\/header><div class=\"bt_bb_separator bt_bb_border_style_none bt_bb_top_spacing_normal\" data-bt-override-class=\"null\"><\/div><div  class=\"bt_bb_text\" ><\/p>\n<p style=\"text-align: left;\">4 dojrza\u0142e awokado<br \/>\n1 \u0142y\u017ceczka koszernej soli<br \/>\n2 \u0142y\u017cki \u015bwie\u017cego soku z limonki lub soku z cytryny<br \/>\n4 \u0142y\u017cki &#8211; 1\/4 fili\u017canki posiekanej czerwonej cebuli lub drobno siekany szczypiorek.<br \/>\n2 papryczki jalapeno zmielone (bez \u0142odyg i nasion)<br \/>\n4 \u0142y\u017cki sto\u0142owe kolendry (listki i mi\u0119kkie \u0142odygi), drobno posiekanej. Dwie szczypty \u015bwie\u017co mielonego, czarnego pieprzu<\/p>\n<p style=\"text-align: left;\">Po\u0142\u0105cz wszystkie sk\u0142adniki i delikatnie ucieraj a\u017c do uzyskania g\u0142adkiego po\u0142\u0105czenia.<\/p>\n<p style=\"text-align: left;\"><strong>Sk\u0142adanie kanapki<\/strong><br \/>\nPodgrzej chleb w tosterze, by by\u0142 dobrze ciep\u0142y.<br \/>\nRozsmaruj guacamole na dolnej kromce.<br \/>\nRozprowad\u017a estragonowy majonez na g\u00f3rnej kromce.<br \/>\nUmie\u015b\u0107 sa\u0142atk\u0119 z homara na kromce z guacamole i dodaj na wierzch boczek, sa\u0142at\u0119 i pomidora.<br \/>\nPrzykryj ca\u0142o\u015b\u0107 wierzchni\u0105 kromk\u0105.<br \/>\nDekoracja: U\u017cyj mi\u0119sa ze szczypc\u00f3w homara.<\/p>\n<p style=\"text-align: left;\">Ciesz si\u0119 daniem ze sch\u0142odzonym piwem \u017bywiec!<\/p>\n<p>\n<\/div><div class=\"bt_bb_separator bt_bb_border_style_none bt_bb_top_spacing_normal\" data-bt-override-class=\"null\"><\/div><div  class=\"bt_bb_text\" ><\/p>\n<div class=\"page\" title=\"Page 1\">\n<div class=\"section\">\n<div class=\"layoutArea\">\n<div class=\"column\">\n<p style=\"text-align: right;\"><em>96 Berry Street at North 8th St<\/em><br \/>\n<em>Brooklyn, NY 11249<\/em><br \/>\n<em>(718) 384-978<\/em><br \/>\n<em><a href=\"http:\/\/www.teddys.nyc\">www.teddys.nyc<\/a><\/em><\/p>\n<\/div>\n<\/div>\n<\/div>\n<\/div>\n<p>\n<\/div><\/div><\/div><\/div><\/div><\/div><\/div><!-- cell_inner --><\/div><!-- cell --><\/div><!-- port --><\/section><\/p>\n","protected":false},"excerpt":{"rendered":"","protected":false},"author":2,"featured_media":0,"parent":2863,"menu_order":0,"comment_status":"closed","ping_status":"closed","template":"","meta":{"_acf_changed":false,"footnotes":""},"class_list":["post-3249","page","type-page","status-publish","hentry"],"acf":[],"_links":{"self":[{"href":"https:\/\/beerimporters.us\/pl\/wp-json\/wp\/v2\/pages\/3249","targetHints":{"allow":["GET"]}}],"collection":[{"href":"https:\/\/beerimporters.us\/pl\/wp-json\/wp\/v2\/pages"}],"about":[{"href":"https:\/\/beerimporters.us\/pl\/wp-json\/wp\/v2\/types\/page"}],"author":[{"embeddable":true,"href":"https:\/\/beerimporters.us\/pl\/wp-json\/wp\/v2\/users\/2"}],"replies":[{"embeddable":true,"href":"https:\/\/beerimporters.us\/pl\/wp-json\/wp\/v2\/comments?post=3249"}],"version-history":[{"count":4,"href":"https:\/\/beerimporters.us\/pl\/wp-json\/wp\/v2\/pages\/3249\/revisions"}],"predecessor-version":[{"id":3327,"href":"https:\/\/beerimporters.us\/pl\/wp-json\/wp\/v2\/pages\/3249\/revisions\/3327"}],"up":[{"embeddable":true,"href":"https:\/\/beerimporters.us\/pl\/wp-json\/wp\/v2\/pages\/2863"}],"wp:attachment":[{"href":"https:\/\/beerimporters.us\/pl\/wp-json\/wp\/v2\/media?parent=3249"}],"curies":[{"name":"wp","href":"https:\/\/api.w.org\/{rel}","templated":true}]}}