{"id":2888,"date":"2017-05-15T13:17:20","date_gmt":"2017-05-15T13:17:20","guid":{"rendered":"http:\/\/zywiecusa.com\/about-us\/"},"modified":"2025-05-06T21:53:29","modified_gmt":"2025-05-06T19:53:29","slug":"o-nas","status":"publish","type":"page","link":"https:\/\/beerimporters.us\/pl\/o-nas\/","title":{"rendered":"O Nas"},"content":{"rendered":"<section id=\"bt_bb_section69dee8ebc3e5f\" class=\"bt_bb_section bt_bb_layout_wide bt_bb_vertical_align_top bt_bb_top_spacing_medium bt_bb_bottom_spacing_medium\"  data-bt-override-class=\"null\"><div class=\"bt_bb_port\"><div class=\"bt_bb_cell\"><div class=\"bt_bb_cell_inner\"><div class=\"bt_bb_row  btHandmadeWideSectionKeepMargins bt_bb_column_gap_30\" style=\"; --column-gap:30px;\" data-bt-override-class=\"{}\"><div class=\"bt_bb_row_holder\" ><div  class=\"bt_bb_column col-xxl-6 col-xl-6 bt_bb_vertical_align_middle bt_bb_align_center bt_bb_padding_double bt_bb_animation_fade_in animate\" style=\"; --column-width:6;\" data-width=\"6\" data-bt-override-class=\"{}\"><div class=\"bt_bb_column_content\"><div class=\"bt_bb_column_content_inner\"><div class=\"bt_bb_separator bt_bb_border_style_none bt_bb_top_spacing_medium\" data-bt-override-class=\"null\"><\/div><div data-bb-version=\"5.3.0\" class=\"bt_bb_image bt_bb_shape_square bt_bb_target_self bt_bb_align_inherit bt_bb_hover_style_simple bt_bb_content_display_always bt_bb_content_align_middle\" data-bt-override-class=\"{&quot;bt_bb_align_&quot;:{&quot;current_class&quot;:&quot;bt_bb_align_inherit&quot;,&quot;def&quot;:&quot;inherit&quot;},&quot;bt_bb_content_display_&quot;:{&quot;current_class&quot;:&quot;bt_bb_content_display_always&quot;,&quot;def&quot;:&quot;always&quot;},&quot;bt_bb_animation_&quot;:{&quot;current_class&quot;:&quot;bt_bb_animation_no_animation&quot;,&quot;def&quot;:&quot;no_animation&quot;}}\"><span><img loading=\"lazy\" decoding=\"async\" width=\"626\" height=\"667\" src=\"https:\/\/beerimporters.us\/wp-content\/uploads\/2025\/05\/amtec_2b.jpg\" class=\"attachment-full size-full\" alt=\"AMTEC\" data-full_image_src=\"https:\/\/beerimporters.us\/wp-content\/uploads\/2025\/05\/amtec_2b.jpg\" title=\"amtec_2b\" srcset=\"https:\/\/beerimporters.us\/wp-content\/uploads\/2025\/05\/amtec_2b.jpg 626w, https:\/\/beerimporters.us\/wp-content\/uploads\/2025\/05\/amtec_2b-320x341.jpg 320w, https:\/\/beerimporters.us\/wp-content\/uploads\/2025\/05\/amtec_2b-600x639.jpg 600w\" sizes=\"auto, (max-width: 626px) 100vw, 626px\" \/><\/span><\/div><div class=\"bt_bb_separator bt_bb_border_style_none bt_bb_top_spacing_medium\" data-bt-override-class=\"null\"><\/div><\/div><\/div><\/div><div  class=\"bt_bb_column col-xxl-6 col-xl-6 bt_bb_vertical_align_middle bt_bb_align_left bt_bb_padding_double bt_bb_animation_fade_in animate\" style=\"; --column-width:6;\" data-width=\"6\" data-bt-override-class=\"{}\"><div class=\"bt_bb_column_content\"><div class=\"bt_bb_column_content_inner\"><div class=\"bt_bb_separator bt_bb_border_style_none bt_bb_top_spacing_medium\" data-bt-override-class=\"null\"><\/div><header class=\"bt_bb_headline bt_bb_font_weight_bolder bt_bb_color_scheme_5 bt_bb_dash_none bt_bb_superheadline bt_bb_size_normal bt_bb_align_inherit\" style=\"; --primary-color:#191919; --secondary-color:#fc0002;\" data-bt-override-class=\"{}\"><h3 class=\"bt_bb_headline_tag\"><span class=\"bt_bb_headline_superheadline\">O nas<\/span><span class=\"bt_bb_headline_content\"><span>HISTORIA<\/span><\/span><\/h3><\/header><div class=\"bt_bb_separator bt_bb_border_style_none bt_bb_bottom_spacing_normal\" data-bt-override-class=\"null\"><\/div><div  class=\"bt_bb_text\" ><\/p>\n<p class=\"p1\"><span class=\"s1\">Kiedy otworzyli\u015bmy nasz\u0105 firm\u0119 w 1995 roku w sercu Brooklynu, w Nowym Jorku &#8211; nasz\u0105 misj\u0105 by\u0142o od samego pocz\u0105tku importowanie najlepszych, polskich piw. Pragn\u0119li\u015bmy, by wszyscy ludzie w Stanach Zjednoczonych mogli pozna\u0107 ich doskona\u0142y smak. Obecnie sprowadzane przez nas piwa s\u0105 dost\u0119pne w 27 stanach USA.<\/span><\/p>\n<p class=\"p1\"><span class=\"s1\">Jeste\u015bmy Amtec International. Nasza mi\u0142o\u015b\u0107 i pasja do odkrywania najlepszych smak\u00f3w importowanych polskich piw sprawi\u0142a, \u017ce zainteresowali\u015bmy si\u0119 r\u00f3wnie\u017c sprowadzaniem zagranicznych marek. Imponuj\u0105ce portfolio oferowanych przez nas piw ca\u0142y czas si\u0119 dla Was powi\u0119ksza. Wszystkie piwa, kt\u00f3re sprowadzamy s\u0105 butelkowane w kraju swojego pochodzenia.<\/span><\/p>\n<p class=\"p1\"><span class=\"s1\">Ciesz si\u0119 smakiem proponowanych przez nas piw i dziel si\u0119 tym do\u015bwiadczeniem podczas wsp\u00f3lnych chwil z rodzin\u0105 i przyjaci\u00f3\u0142mi!<\/span><\/p>\n<p>\n<\/div><div class=\"bt_bb_separator bt_bb_border_style_none bt_bb_top_spacing_medium\" data-bt-override-class=\"null\"><\/div><\/div><\/div><\/div><\/div><\/div><\/div><!-- cell_inner --><\/div><!-- cell --><\/div><!-- port --><\/section>\n","protected":false},"excerpt":{"rendered":"<p>This is an example page. It&#8217;s different from a blog post because it will stay in one place and will show up in your site navigation (in most themes).<\/p>\n","protected":false},"author":1,"featured_media":0,"parent":0,"menu_order":0,"comment_status":"closed","ping_status":"closed","template":"","meta":{"_acf_changed":false,"footnotes":""},"class_list":["post-2888","page","type-page","status-publish","hentry"],"acf":[],"_links":{"self":[{"href":"https:\/\/beerimporters.us\/pl\/wp-json\/wp\/v2\/pages\/2888","targetHints":{"allow":["GET"]}}],"collection":[{"href":"https:\/\/beerimporters.us\/pl\/wp-json\/wp\/v2\/pages"}],"about":[{"href":"https:\/\/beerimporters.us\/pl\/wp-json\/wp\/v2\/types\/page"}],"author":[{"embeddable":true,"href":"https:\/\/beerimporters.us\/pl\/wp-json\/wp\/v2\/users\/1"}],"replies":[{"embeddable":true,"href":"https:\/\/beerimporters.us\/pl\/wp-json\/wp\/v2\/comments?post=2888"}],"version-history":[{"count":4,"href":"https:\/\/beerimporters.us\/pl\/wp-json\/wp\/v2\/pages\/2888\/revisions"}],"predecessor-version":[{"id":3616,"href":"https:\/\/beerimporters.us\/pl\/wp-json\/wp\/v2\/pages\/2888\/revisions\/3616"}],"wp:attachment":[{"href":"https:\/\/beerimporters.us\/pl\/wp-json\/wp\/v2\/media?parent=2888"}],"curies":[{"name":"wp","href":"https:\/\/api.w.org\/{rel}","templated":true}]}}