{"id":2863,"date":"2017-05-31T07:30:40","date_gmt":"2017-05-31T07:30:40","guid":{"rendered":"http:\/\/zywiecusa.com\/fancy-recipes\/"},"modified":"2017-09-13T18:00:56","modified_gmt":"2017-09-13T16:00:56","slug":"przepisy","status":"publish","type":"page","link":"https:\/\/beerimporters.us\/pl\/przepisy\/","title":{"rendered":"Przepisy"},"content":{"rendered":"<p><section id=\"bt_bb_section69defa1e9faf7\" class=\"bt_bb_section bt_bb_color_scheme_1 bt_bb_layout_boxed_1200 bt_bb_vertical_align_top bt_bb_background_overlay_dark_solid bt_bb_top_spacing_large bt_bb_bottom_spacing_large\" style=\"; --section-primary-color:#ffffff; --section-secondary-color:#191919;\" data-bt-override-class=\"null\"><div class=\"bt_bb_background_image_holder_wrapper\"><div class=\"bt_bb_background_image_holder bt_bb_parallax\"  data-parallax=\"0.7\" data-parallax-offset=\"0\" data-parallax-zoom-start=\"1\" data-parallax-zoom-end=\"1\" data-parallax-blur-start=\"0\" data-parallax-blur-end=\"0\" data-parallax-opacity-start=\"1\" data-parallax-opacity-end=\"1\" style=\" background-image:url(&#039;https:\/\/beerimporters.us\/wp-content\/uploads\/2017\/05\/1-5.jpg&#039;);\"><\/div><\/div><div class=\"bt_bb_port\"><div class=\"bt_bb_cell\"><div class=\"bt_bb_cell_inner\"><div class=\"bt_bb_row \"  data-bt-override-class=\"{}\"><div class=\"bt_bb_row_holder\" ><div  class=\"bt_bb_column col-xxl-6 col-xl-6 bt_bb_vertical_align_top bt_bb_align_left bt_bb_padding_normal\" style=\"; --column-width:6;\" data-width=\"6\" data-bt-override-class=\"{}\"><div class=\"bt_bb_column_content\"><div class=\"bt_bb_column_content_inner\"><div class=\"bt_bb_separator bt_bb_border_style_none bt_bb_top_spacing_medium\" data-bt-override-class=\"null\"><\/div><header class=\"bt_bb_headline bt_bb_font_weight_bolder bt_bb_dash_none bt_bb_superheadline bt_bb_size_normal bt_bb_align_inherit\" data-bt-override-class=\"{}\"><h1 class=\"bt_bb_headline_tag\"><span class=\"bt_bb_headline_superheadline\">Przepisy<\/span><span class=\"bt_bb_headline_content\"><span>WYRAFINOWANE SMAKI<br \/><br \/>\n<\/span><\/span><\/h1><\/header><div class=\"bt_bb_separator bt_bb_border_style_none bt_bb_bottom_spacing_small\" data-bt-override-class=\"null\"><\/div><div  class=\"bt_bb_text\" ><\/p>\n<p>Mi\u0142o\u015bnicy \u017bywca maj\u0105 zawsze apetyt na \u015bwiatowe smaki. Spr\u00f3buj tych wyj\u0105tkowych po\u0142\u0105cze\u0144: pysznych da\u0144 z najlepszym Polskim piwem!<\/p>\n<p>\n<\/div><\/div><\/div><\/div><div  class=\"bt_bb_column col-xxl-6 col-xl-6 bt_bb_vertical_align_top bt_bb_align_left bt_bb_padding_normal\" style=\"; --column-width:6;\" data-width=\"6\" data-bt-override-class=\"{}\"><div class=\"bt_bb_column_content\"><div class=\"bt_bb_column_content_inner\"><\/div><\/div><\/div><\/div><\/div><\/div><!-- cell_inner --><\/div><!-- cell --><\/div><!-- port --><\/section><section id=\"bt_bb_section69defa1e9ff48\" class=\"bt_bb_section bt_bb_layout_boxed_1200 bt_bb_vertical_align_top bt_bb_top_spacing_medium bt_bb_bottom_spacing_medium\"  data-bt-override-class=\"null\"><div class=\"bt_bb_port\"><div class=\"bt_bb_cell\"><div class=\"bt_bb_cell_inner\"><div class=\"bt_bb_row  bt_bb_column_gap_0\" style=\"; --column-gap:0px;\" data-bt-override-class=\"{}\"><div class=\"bt_bb_row_holder\" ><div  class=\"bt_bb_column col-xxl-6 col-xl-6 bt_bb_vertical_align_middle bt_bb_align_right bt_bb_padding_text_indent bt_bb_animation_fade_in animate\" style=\"; --column-width:6;\" data-width=\"6\" data-bt-override-class=\"{}\"><div class=\"bt_bb_column_content\"><div class=\"bt_bb_column_content_inner\"><div class=\"bt_bb_separator bt_bb_border_style_none bt_bb_top_spacing_normal bt_bb_bottom_spacing_normal\" data-bt-override-class=\"null\"><\/div><header class=\"bt_bb_headline bt_bb_color_scheme_5 bt_bb_dash_none bt_bb_superheadline bt_bb_size_medium bt_bb_align_inherit\" style=\"; --primary-color:#191919; --secondary-color:#fc0002;\" data-bt-override-class=\"{}\"><h2 class=\"bt_bb_headline_tag\"><span class=\"bt_bb_headline_superheadline\">\u017bywiec i<\/span><span class=\"bt_bb_headline_content\"><span>KANAPKA<br \/><br \/>\nZ HOMAREM<\/span><\/span><\/h2><\/header><div class=\"bt_bb_separator bt_bb_border_style_none bt_bb_top_spacing_medium\" data-bt-override-class=\"null\"><\/div><div class=\"bt_bb_button bt_bb_icon_position_left bt_bb_style_outline bt_bb_size_normal bt_bb_width_inline bt_bb_shape_inherit bt_bb_target_self bt_bb_align_inherit\" data-bt-override-class=\"{}\"><a href=\"https:\/\/beerimporters.us\/pl\/przepisy\/lobster-sandwich\/\" target=\"_self\" class=\"bt_bb_link\" title=\"ZOBACZ\"><span class=\"bt_bb_button_text\" >ZOBACZ<\/span><\/a><\/div><\/div><\/div><\/div><div  class=\"bt_bb_column col-xxl-6 col-xl-6 bt_bb_vertical_align_top bt_bb_align_center bt_bb_padding_normal bt_bb_animation_fade_in animate\" style=\"; --column-width:6;\" data-width=\"6\" data-bt-override-class=\"{}\"><div class=\"bt_bb_column_content\"><div class=\"bt_bb_column_content_inner\"><div class=\"bt_bb_image bt_bb_shape_square bt_bb_target_self bt_bb_align_inherit bt_bb_hover_style_simple bt_bb_content_display_always bt_bb_content_align_middle\" data-bt-override-class=\"{}\"><span><img fetchpriority=\"high\" decoding=\"async\" width=\"600\" height=\"600\" src=\"https:\/\/beerimporters.us\/wp-content\/uploads\/2017\/08\/1-1.jpg\" class=\"attachment-full size-full\" alt=\"https:\/\/beerimporters.us\/wp-content\/uploads\/2017\/08\/1-1.jpg\" data-full_image_src=\"https:\/\/beerimporters.us\/wp-content\/uploads\/2017\/08\/1-1.jpg\" title=\"1\" loading=\"eager\" srcset=\"https:\/\/beerimporters.us\/wp-content\/uploads\/2017\/08\/1-1.jpg 600w, https:\/\/beerimporters.us\/wp-content\/uploads\/2017\/08\/1-1-100x100.jpg 100w, https:\/\/beerimporters.us\/wp-content\/uploads\/2017\/08\/1-1-160x160.jpg 160w, https:\/\/beerimporters.us\/wp-content\/uploads\/2017\/08\/1-1-180x180.jpg 180w, https:\/\/beerimporters.us\/wp-content\/uploads\/2017\/08\/1-1-320x320.jpg 320w\" sizes=\"(max-width: 600px) 100vw, 600px\" \/><\/span><\/div><\/div><\/div><\/div><\/div><\/div><\/div><!-- cell_inner --><\/div><!-- cell --><\/div><!-- port --><\/section><section id=\"bt_bb_section69defa1ea0581\" class=\"bt_bb_section bt_bb_layout_boxed_1200 bt_bb_vertical_align_top bt_bb_top_spacing_medium bt_bb_bottom_spacing_medium\"  data-bt-override-class=\"null\"><div class=\"bt_bb_port\"><div class=\"bt_bb_cell\"><div class=\"bt_bb_cell_inner\"><div class=\"bt_bb_row  bt_bb_column_gap_0\" style=\"; --column-gap:0px;\" data-bt-override-class=\"{}\"><div class=\"bt_bb_row_holder\" ><div  class=\"bt_bb_column col-xxl-6 col-xl-6 bt_bb_vertical_align_top bt_bb_align_center bt_bb_padding_normal bt_bb_animation_fade_in animate\" style=\"; --column-width:6;\" data-width=\"6\" data-bt-override-class=\"{}\"><div class=\"bt_bb_column_content\"><div class=\"bt_bb_column_content_inner\"><div class=\"bt_bb_image bt_bb_shape_square bt_bb_target_self bt_bb_align_inherit bt_bb_hover_style_simple bt_bb_content_display_always bt_bb_content_align_middle\" data-bt-override-class=\"{}\"><span><img decoding=\"async\" width=\"600\" height=\"600\" src=\"https:\/\/beerimporters.us\/wp-content\/uploads\/2017\/05\/1-3.jpg\" class=\"attachment-full size-full\" alt=\"https:\/\/beerimporters.us\/wp-content\/uploads\/2017\/05\/1-3.jpg\" data-full_image_src=\"https:\/\/beerimporters.us\/wp-content\/uploads\/2017\/05\/1-3.jpg\" title=\"1\" loading=\"eager\" srcset=\"https:\/\/beerimporters.us\/wp-content\/uploads\/2017\/05\/1-3.jpg 600w, https:\/\/beerimporters.us\/wp-content\/uploads\/2017\/05\/1-3-100x100.jpg 100w, https:\/\/beerimporters.us\/wp-content\/uploads\/2017\/05\/1-3-160x160.jpg 160w, https:\/\/beerimporters.us\/wp-content\/uploads\/2017\/05\/1-3-180x180.jpg 180w, https:\/\/beerimporters.us\/wp-content\/uploads\/2017\/05\/1-3-320x320.jpg 320w\" sizes=\"(max-width: 600px) 100vw, 600px\" \/><\/span><\/div><\/div><\/div><\/div><div  class=\"bt_bb_column col-xxl-6 col-xl-6 bt_bb_vertical_align_middle bt_bb_align_right bt_bb_padding_text_indent bt_bb_animation_fade_in animate\" style=\"; --column-width:6;\" data-width=\"6\" data-bt-override-class=\"{}\"><div class=\"bt_bb_column_content\"><div class=\"bt_bb_column_content_inner\"><div class=\"bt_bb_separator bt_bb_border_style_none bt_bb_top_spacing_normal bt_bb_bottom_spacing_normal\" data-bt-override-class=\"null\"><\/div><header class=\"bt_bb_headline bt_bb_color_scheme_5 bt_bb_dash_none bt_bb_superheadline bt_bb_size_medium bt_bb_align_left\" style=\"; --primary-color:#191919; --secondary-color:#fc0002;\" data-bt-override-class=\"{}\"><h2 class=\"bt_bb_headline_tag\"><span class=\"bt_bb_headline_superheadline\">\u017bywiec i<\/span><span class=\"bt_bb_headline_content\"><span>PIEROGI<br \/><br \/>\nRUSKIE<\/span><\/span><\/h2><\/header><div class=\"bt_bb_separator bt_bb_border_style_none bt_bb_top_spacing_medium\" data-bt-override-class=\"null\"><\/div><div class=\"bt_bb_button bt_bb_icon_position_left bt_bb_style_outline bt_bb_size_normal bt_bb_width_inline bt_bb_shape_inherit bt_bb_target_self bt_bb_align_left\" data-bt-override-class=\"{}\"><a href=\"https:\/\/beerimporters.us\/pl\/przepisy\/pierogi-ruskie\/\" target=\"_self\" class=\"bt_bb_link\" title=\"ZOBACZ\"><span class=\"bt_bb_button_text\" >ZOBACZ<\/span><\/a><\/div><\/div><\/div><\/div><\/div><\/div><\/div><!-- cell_inner --><\/div><!-- cell --><\/div><!-- port --><\/section><section id=\"bt_bb_section69defa1ea0b79\" class=\"bt_bb_section bt_bb_layout_boxed_1200 bt_bb_vertical_align_top bt_bb_top_spacing_medium bt_bb_bottom_spacing_medium\"  data-bt-override-class=\"null\"><div class=\"bt_bb_port\"><div class=\"bt_bb_cell\"><div class=\"bt_bb_cell_inner\"><div class=\"bt_bb_row  bt_bb_column_gap_0\" style=\"; --column-gap:0px;\" data-bt-override-class=\"{}\"><div class=\"bt_bb_row_holder\" ><div  class=\"bt_bb_column col-xxl-6 col-xl-6 bt_bb_vertical_align_middle bt_bb_align_right bt_bb_padding_text_indent bt_bb_animation_fade_in animate\" style=\"; --column-width:6;\" data-width=\"6\" data-bt-override-class=\"{}\"><div class=\"bt_bb_column_content\"><div class=\"bt_bb_column_content_inner\"><div class=\"bt_bb_separator bt_bb_border_style_none bt_bb_top_spacing_normal bt_bb_bottom_spacing_normal\" data-bt-override-class=\"null\"><\/div><header class=\"bt_bb_headline bt_bb_color_scheme_5 bt_bb_dash_none bt_bb_superheadline bt_bb_size_medium bt_bb_align_inherit\" style=\"; --primary-color:#191919; --secondary-color:#fc0002;\" data-bt-override-class=\"{}\"><h2 class=\"bt_bb_headline_tag\"><span class=\"bt_bb_headline_superheadline\">\u017bywiec i<\/span><span class=\"bt_bb_headline_content\"><span>TILAPIA<br \/><br \/>\nPO SOPOCKU<\/span><\/span><\/h2><\/header><div class=\"bt_bb_separator bt_bb_border_style_none bt_bb_top_spacing_medium\" data-bt-override-class=\"null\"><\/div><div class=\"bt_bb_button bt_bb_icon_position_left bt_bb_style_outline bt_bb_size_normal bt_bb_width_inline bt_bb_shape_inherit bt_bb_target_self bt_bb_align_inherit\" data-bt-override-class=\"{}\"><a href=\"https:\/\/beerimporters.us\/pl\/przepisy\/tilapia-sopot-style\/\" target=\"_self\" class=\"bt_bb_link\" title=\"ZOBACZ\"><span class=\"bt_bb_button_text\" >ZOBACZ<\/span><\/a><\/div><\/div><\/div><\/div><div  class=\"bt_bb_column col-xxl-6 col-xl-6 bt_bb_vertical_align_top bt_bb_align_center bt_bb_padding_normal bt_bb_animation_fade_in animate\" style=\"; --column-width:6;\" data-width=\"6\" data-bt-override-class=\"{}\"><div class=\"bt_bb_column_content\"><div class=\"bt_bb_column_content_inner\"><div class=\"bt_bb_image bt_bb_shape_square bt_bb_target_self bt_bb_align_inherit bt_bb_hover_style_simple bt_bb_content_display_always bt_bb_content_align_middle\" data-bt-override-class=\"{}\"><span><img decoding=\"async\" width=\"600\" height=\"600\" src=\"https:\/\/beerimporters.us\/wp-content\/uploads\/2017\/08\/1-3.jpg\" class=\"attachment-full size-full\" alt=\"https:\/\/beerimporters.us\/wp-content\/uploads\/2017\/08\/1-3.jpg\" data-full_image_src=\"https:\/\/beerimporters.us\/wp-content\/uploads\/2017\/08\/1-3.jpg\" title=\"1\" loading=\"eager\" srcset=\"https:\/\/beerimporters.us\/wp-content\/uploads\/2017\/08\/1-3.jpg 600w, https:\/\/beerimporters.us\/wp-content\/uploads\/2017\/08\/1-3-100x100.jpg 100w, https:\/\/beerimporters.us\/wp-content\/uploads\/2017\/08\/1-3-160x160.jpg 160w, https:\/\/beerimporters.us\/wp-content\/uploads\/2017\/08\/1-3-180x180.jpg 180w, https:\/\/beerimporters.us\/wp-content\/uploads\/2017\/08\/1-3-320x320.jpg 320w\" sizes=\"(max-width: 600px) 100vw, 600px\" \/><\/span><\/div><\/div><\/div><\/div><\/div><\/div><\/div><!-- cell_inner --><\/div><!-- cell --><\/div><!-- port --><\/section><\/p>\n","protected":false},"excerpt":{"rendered":"","protected":false},"author":1,"featured_media":0,"parent":0,"menu_order":0,"comment_status":"closed","ping_status":"closed","template":"","meta":{"_acf_changed":false,"footnotes":""},"class_list":["post-2863","page","type-page","status-publish","hentry"],"acf":[],"_links":{"self":[{"href":"https:\/\/beerimporters.us\/pl\/wp-json\/wp\/v2\/pages\/2863","targetHints":{"allow":["GET"]}}],"collection":[{"href":"https:\/\/beerimporters.us\/pl\/wp-json\/wp\/v2\/pages"}],"about":[{"href":"https:\/\/beerimporters.us\/pl\/wp-json\/wp\/v2\/types\/page"}],"author":[{"embeddable":true,"href":"https:\/\/beerimporters.us\/pl\/wp-json\/wp\/v2\/users\/1"}],"replies":[{"embeddable":true,"href":"https:\/\/beerimporters.us\/pl\/wp-json\/wp\/v2\/comments?post=2863"}],"version-history":[{"count":9,"href":"https:\/\/beerimporters.us\/pl\/wp-json\/wp\/v2\/pages\/2863\/revisions"}],"predecessor-version":[{"id":3266,"href":"https:\/\/beerimporters.us\/pl\/wp-json\/wp\/v2\/pages\/2863\/revisions\/3266"}],"wp:attachment":[{"href":"https:\/\/beerimporters.us\/pl\/wp-json\/wp\/v2\/media?parent=2863"}],"curies":[{"name":"wp","href":"https:\/\/api.w.org\/{rel}","templated":true}]}}