{"id":2843,"date":"2017-05-15T13:17:38","date_gmt":"2017-05-15T13:17:38","guid":{"rendered":"http:\/\/zywiecusa.com\/contact\/"},"modified":"2017-09-19T17:45:58","modified_gmt":"2017-09-19T15:45:58","slug":"kontakt","status":"publish","type":"page","link":"https:\/\/beerimporters.us\/pl\/kontakt\/","title":{"rendered":"Kontakt"},"content":{"rendered":"<p><section id=\"bt_bb_section69dee730dd3be\" class=\"bt_bb_section bt_bb_layout_boxed_1200\"  data-bt-override-class=\"null\"><div class=\"bt_bb_port\"><div class=\"bt_bb_cell\"><div class=\"bt_bb_cell_inner\"><div class=\"bt_bb_row \"  data-bt-override-class=\"{}\"><div class=\"bt_bb_row_holder\" ><div  class=\"bt_bb_column col-xxl-12 col-xl-12 bt_bb_vertical_align_top bt_bb_align_left bt_bb_padding_normal\" style=\"; --column-width:12;\" data-width=\"12\" data-bt-override-class=\"{}\"><div class=\"bt_bb_column_content\"><div class=\"bt_bb_column_content_inner\"><div class=\"bt_bb_separator bt_bb_border_style_none bt_bb_top_spacing_medium\" data-bt-override-class=\"null\"><\/div><\/div><\/div><\/div><\/div><\/div><\/div><!-- cell_inner --><\/div><!-- cell --><\/div><!-- port --><\/section><section id=\"bt_bb_section69dee730dd53e\" class=\"bt_bb_section bt_bb_layout_boxed_1200 bt_bb_vertical_align_top bt_bb_top_spacing_large bt_bb_bottom_spacing_large\"  data-bt-override-class=\"null\"><div class=\"bt_bb_port\"><div class=\"bt_bb_cell\"><div class=\"bt_bb_cell_inner\"><div class=\"bt_bb_row \"  data-bt-override-class=\"{}\"><div class=\"bt_bb_row_holder\" ><div  class=\"bt_bb_column col-xxl-6 col-xl-6 bt_bb_vertical_align_top bt_bb_align_left bt_bb_padding_double\" style=\"; --column-width:6;\" data-width=\"6\" data-bt-override-class=\"{}\"><div class=\"bt_bb_column_content\"><div class=\"bt_bb_column_content_inner\"><div class=\"bt_bb_separator bt_bb_border_style_none bt_bb_top_spacing_large\" data-bt-override-class=\"null\"><\/div><header class=\"bt_bb_headline bt_bb_color_scheme_5 bt_bb_dash_none bt_bb_subheadline bt_bb_size_normal bt_bb_align_inherit\" style=\"; --primary-color:#191919; --secondary-color:#fc0002;\" data-bt-override-class=\"{}\"><h2 class=\"bt_bb_headline_tag\"><span class=\"bt_bb_headline_content\"><span>BIURO G\u0141\u00d3WNE<\/span><\/span><\/h2><div class=\"bt_bb_headline_subheadline\">Masz pytania o nasz\u0105 firm\u0119? Chcesz porozmawia\u0107 o sprawach biznesowych?<br \/><br \/>\n<\/div><\/header><div class=\"bt_bb_separator bt_bb_border_style_none bt_bb_top_spacing_small\" data-bt-override-class=\"null\"><\/div><div  class=\"bt_bb_text\" ><\/p>\n<p><a class=\"\" href=\"mailto:Info@beerimporters.us\">info@beerimporters.us<\/a><\/p>\n<p>Tel: (718) 782-8993<br \/>\nFax: (718) 782-8990<\/p>\n<p>\n<\/div><div class=\"bt_bb_separator bt_bb_border_style_none bt_bb_top_spacing_medium\" data-bt-override-class=\"null\"><\/div><header class=\"bt_bb_headline bt_bb_color_scheme_5 bt_bb_dash_none bt_bb_subheadline bt_bb_size_normal bt_bb_align_inherit\" style=\"; --primary-color:#191919; --secondary-color:#fc0002;\" data-bt-override-class=\"{}\"><h2 class=\"bt_bb_headline_tag\"><span class=\"bt_bb_headline_content\"><span>NAPISZ DO NAS<\/span><\/span><\/h2><div class=\"bt_bb_headline_subheadline\">Chcesz si\u0119 dowiedzie\u0107, gdzie znale\u017a\u0107 nasze piwa?<br \/><br \/>\n<\/div><\/header><div class=\"bt_bb_separator bt_bb_border_style_none bt_bb_top_spacing_small\" data-bt-override-class=\"null\"><\/div><div  class=\"bt_bb_text\" ><\/p>\n<p><a class=\"\" href=\"mailto:findbeer@beerimporters.us\">findbeer@beerimporters.us<\/a><\/p>\n<p>\n<\/div><div class=\"bt_bb_separator bt_bb_border_style_none bt_bb_top_spacing_medium\" data-bt-override-class=\"null\"><\/div><\/div><\/div><\/div><div  class=\"bt_bb_column col-xxl-6 col-xl-6 bt_bb_vertical_align_top bt_bb_align_left bt_bb_padding_double\" style=\"; --column-width:6;\" data-width=\"6\" data-bt-override-class=\"{}\"><div class=\"bt_bb_column_content\"><div class=\"bt_bb_column_content_inner\"><div class=\"bt_bb_separator bt_bb_border_style_none bt_bb_top_spacing_large\" data-bt-override-class=\"null\"><\/div><div  class=\"bt_bb_text\" >\n<div class=\"wpcf7 no-js\" id=\"wpcf7-f3270-o1\" lang=\"en-US\" dir=\"ltr\" data-wpcf7-id=\"3270\">\n<div class=\"screen-reader-response\"><p role=\"status\" aria-live=\"polite\" aria-atomic=\"true\"><\/p> <ul><\/ul><\/div>\n<form action=\"\/pl\/wp-json\/wp\/v2\/pages\/2843#wpcf7-f3270-o1\" method=\"post\" class=\"wpcf7-form init\" aria-label=\"Contact form\" novalidate=\"novalidate\" data-status=\"init\">\n<div style=\"display: none;\">\n<input type=\"hidden\" name=\"_wpcf7\" value=\"3270\" \/>\n<input type=\"hidden\" name=\"_wpcf7_version\" value=\"6.0.6\" \/>\n<input type=\"hidden\" name=\"_wpcf7_locale\" value=\"en_US\" \/>\n<input type=\"hidden\" name=\"_wpcf7_unit_tag\" value=\"wpcf7-f3270-o1\" \/>\n<input type=\"hidden\" name=\"_wpcf7_container_post\" value=\"0\" \/>\n<input type=\"hidden\" name=\"_wpcf7_posted_data_hash\" value=\"\" \/>\n<input type=\"hidden\" name=\"_wpcf7dtx_version\" value=\"5.0.5\" \/>\n<\/div>\n<div class=\"boldRow btContactRow\">\n\t<div class=\"btContactRowInput btContactRowInputFlex\">\n\t\t<div class=\"btContactInputName\">\n\t\t\t<p><span class=\"wpcf7-form-control-wrap\" data-name=\"your-name\"><input size=\"40\" maxlength=\"400\" class=\"wpcf7-form-control wpcf7-text wpcf7-validates-as-required\" aria-required=\"true\" aria-invalid=\"false\" placeholder=\"Imi\u0119\" value=\"\" type=\"text\" name=\"your-name\" \/><\/span>\n\t\t\t<\/p>\n\t\t<\/div>\n\t\t<div class=\"btContactInputEmail\">\n\t\t\t<p><span class=\"wpcf7-form-control-wrap\" data-name=\"your-email\"><input size=\"40\" maxlength=\"400\" class=\"wpcf7-form-control wpcf7-email wpcf7-validates-as-required wpcf7-text wpcf7-validates-as-email\" aria-required=\"true\" aria-invalid=\"false\" placeholder=\"Email\" value=\"\" type=\"email\" name=\"your-email\" \/><\/span>\n\t\t\t<\/p>\n\t\t<\/div>\n\t<\/div>\n\t<div class=\"btContactRowInput\">\n\t\t<p><span class=\"wpcf7-form-control-wrap\" data-name=\"your-subject\"><input size=\"40\" maxlength=\"400\" class=\"wpcf7-form-control wpcf7-text wpcf7-validates-as-required\" aria-required=\"true\" aria-invalid=\"false\" placeholder=\"Temat\" value=\"\" type=\"text\" name=\"your-subject\" \/><\/span>\n\t\t<\/p>\n\t<\/div>\n\t<div class=\"btContactRowInput\">\n\t\t<p><span class=\"wpcf7-form-control-wrap\" data-name=\"your-message\"><textarea cols=\"40\" rows=\"10\" maxlength=\"2000\" class=\"wpcf7-form-control wpcf7-textarea\" aria-invalid=\"false\" placeholder=\"Wiadomo\u015b\u0107\" name=\"your-message\"><\/textarea><\/span>\n\t\t<\/p>\n\t<\/div>\n\t<div class=\"btContactRowButton\">\n\t\t<p><input class=\"wpcf7-form-control wpcf7-submit has-spinner\" type=\"submit\" value=\"Wy\u015blij\" \/>\n\t\t<\/p>\n\t<\/div>\n<\/div><div class=\"wpcf7-response-output\" aria-hidden=\"true\"><\/div>\n<\/form>\n<\/div>\n<\/div><header class=\"bt_bb_headline bt_bb_color_scheme_5 bt_bb_dash_none bt_bb_subheadline bt_bb_size_normal bt_bb_align_inherit\" style=\"; --primary-color:#191919; --secondary-color:#fc0002;\" data-bt-override-class=\"{}\"><div class=\"bt_bb_headline_subheadline\">Praca<\/div><\/header><div  class=\"bt_bb_text\" ><\/p>\n<p class=\"p1\"><span class=\"s1\">Je\u015bli masz do\u015bwiadczenie w pracy w bran\u017cy piwowarskiej, wy\u015blij swoje CV:\u00a0<\/span><span class=\"s1\"><a href=\"mailto:info@beerimporters.us\"><span class=\"s2\">info@beerimporters.us<\/span><\/a><\/span><\/p>\n<p>\n<\/div><\/div><\/div><\/div><\/div><\/div><\/div><!-- cell_inner --><\/div><!-- cell --><\/div><!-- port --><\/section><\/p>\n","protected":false},"excerpt":{"rendered":"","protected":false},"author":1,"featured_media":0,"parent":0,"menu_order":0,"comment_status":"closed","ping_status":"closed","template":"","meta":{"_acf_changed":false,"footnotes":""},"class_list":["post-2843","page","type-page","status-publish","hentry"],"acf":[],"_links":{"self":[{"href":"https:\/\/beerimporters.us\/pl\/wp-json\/wp\/v2\/pages\/2843","targetHints":{"allow":["GET"]}}],"collection":[{"href":"https:\/\/beerimporters.us\/pl\/wp-json\/wp\/v2\/pages"}],"about":[{"href":"https:\/\/beerimporters.us\/pl\/wp-json\/wp\/v2\/types\/page"}],"author":[{"embeddable":true,"href":"https:\/\/beerimporters.us\/pl\/wp-json\/wp\/v2\/users\/1"}],"replies":[{"embeddable":true,"href":"https:\/\/beerimporters.us\/pl\/wp-json\/wp\/v2\/comments?post=2843"}],"version-history":[{"count":4,"href":"https:\/\/beerimporters.us\/pl\/wp-json\/wp\/v2\/pages\/2843\/revisions"}],"predecessor-version":[{"id":3294,"href":"https:\/\/beerimporters.us\/pl\/wp-json\/wp\/v2\/pages\/2843\/revisions\/3294"}],"wp:attachment":[{"href":"https:\/\/beerimporters.us\/pl\/wp-json\/wp\/v2\/media?parent=2843"}],"curies":[{"name":"wp","href":"https:\/\/api.w.org\/{rel}","templated":true}]}}